{"id":2482,"date":"2022-07-24T17:05:14","date_gmt":"2022-07-24T15:05:14","guid":{"rendered":"http:\/\/www.kampfsport-dagersheim.de\/?page_id=2482"},"modified":"2022-07-24T17:23:20","modified_gmt":"2022-07-24T15:23:20","slug":"ju-jitsu-guertelpruefung-16-07-2022","status":"publish","type":"page","link":"https:\/\/www.kampfsport-dagersheim.de\/?page_id=2482","title":{"rendered":"Ju Jitsu G\u00fcrtelpr\u00fcfung 16.07.2022"},"content":{"rendered":"\t\t<div data-elementor-type=\"wp-page\" data-elementor-id=\"2482\" class=\"elementor elementor-2482\">\n\t\t\t\t\t\t<section class=\"elementor-section elementor-top-section elementor-element elementor-element-c7ea918 elementor-section-boxed elementor-section-height-default elementor-section-height-default\" data-id=\"c7ea918\" data-element_type=\"section\" data-e-type=\"section\">\n\t\t\t\t\t\t<div class=\"elementor-container elementor-column-gap-default\">\n\t\t\t\t\t<div class=\"elementor-column elementor-col-100 elementor-top-column elementor-element elementor-element-4f9c49f7\" data-id=\"4f9c49f7\" data-element_type=\"column\" data-e-type=\"column\">\n\t\t\t<div class=\"elementor-widget-wrap elementor-element-populated\">\n\t\t\t\t\t\t<div class=\"elementor-element elementor-element-7349433c elementor-widget elementor-widget-text-editor\" data-id=\"7349433c\" data-element_type=\"widget\" data-e-type=\"widget\" data-widget_type=\"text-editor.default\">\n\t\t\t\t<div class=\"elementor-widget-container\">\n\t\t\t\t\t\t\t\t\t<p><img decoding=\"async\" class=\"size-medium wp-image-1420 alignright\" src=\"https:\/\/www.kampfsport-dagersheim.de\/wp-content\/uploads\/2020\/01\/newlogo2011-12CM-JuJitsu-IFAK-150-1-157x300.jpg\" alt=\"\" width=\"157\" height=\"300\" srcset=\"https:\/\/www.kampfsport-dagersheim.de\/wp-content\/uploads\/2020\/01\/newlogo2011-12CM-JuJitsu-IFAK-150-1-157x300.jpg 157w, https:\/\/www.kampfsport-dagersheim.de\/wp-content\/uploads\/2020\/01\/newlogo2011-12CM-JuJitsu-IFAK-150-1.jpg 159w\" sizes=\"(max-width: 157px) 100vw, 157px\" \/><strong>Ju Jitsu G\u00fcrtelpr\u00fcfungen bis zum Braungurt<\/strong><\/p><p>Am Samstag, den 16.07.2022, fand die letzte Ju-Jitsu-G\u00fcrtelpr\u00fcfung vor den Sommerferien statt. Dabei stellten sich sechs Teilnehmer ihrer Pr\u00fcfung zum n\u00e4chsten G\u00fcrtelgrad. Pr\u00fcfer und Trainer Hanshi Matthias Weiss 9. Dan hatte die Teilnehmer gut vorbereitet. Es standen Pr\u00fcfungen zum Gr\u00fcngurt, Blaugurt und Braungurt an. Der Braungurt, der 1. Kyu, ist der h\u00f6chste Sch\u00fclergrad. Somit steht dann f\u00fcr diese Teilnehmer als n\u00e4chste Pr\u00fcfung die Meisterpr\u00fcfung zum schwarzen G\u00fcrtel an.<\/p><p>Ju Jitsu, die waffenlose Selbstverteidigung, ist sowohl eine traditionelle als auch moderne Kampfsportart. Bei der G\u00fcrtelpr\u00fcfung mussten die Teilnehmer ihr K\u00f6nnen und ihre F\u00e4higkeiten unter Beweis stellen. Zuerst bei der Demonstration von Tritt-, Schlag- und Blocktechniken, danach bei der Fallschule und einer Hebel-Kata zur Demonstration von Hebeltechniken in vorgegebener Reihenfolge. Der gr\u00f6\u00dfte Pr\u00fcfungsteil bestand aus dem Technikprogramm. Hier zeigten die Pr\u00fcflinge unterschiedliche Verteidigungen gegen waffenlose und bewaffnete Angreifer. Dabei mussten auch, dem G\u00fcrtelgrad entsprechend, Wurf-, Transport- und Festlegetechniken gezeigt werden.<\/p><p>Alle Pr\u00fcflinge haben mit Erfolg bestanden und erhielten die Urkunden und neuen G\u00fcrtel von den Pr\u00fcfern Matthias Weiss 9. Dan und Cedric Weiss 2. Dan \u00fcberreicht.<\/p><p>Die Pr\u00fcfung bestanden:<br \/><img decoding=\"async\" class=\"size-full wp-image-360 alignleft\" src=\"https:\/\/www.kampfsport-dagersheim.de\/wp-content\/uploads\/2019\/12\/6Gruen50.jpg\" alt=\"\" width=\"87\" height=\"35\" \/><span style=\"color: var( --e-global-color-text ); font-family: var( --e-global-typography-text-font-family ), Sans-serif; font-weight: var( --e-global-typography-text-font-weight ); font-size: 1rem;\">L\u00e9on H\u00e4rtkorn und Philipp Kosmus (Gr\u00fcngurt)<br \/><\/span><br \/><img decoding=\"async\" class=\"size-full wp-image-357 alignleft\" src=\"https:\/\/www.kampfsport-dagersheim.de\/wp-content\/uploads\/2019\/12\/4Blau50.jpg\" alt=\"\" width=\"87\" height=\"35\" \/>Julius Schwarz (Blaugurt)<\/p><p><img loading=\"lazy\" decoding=\"async\" class=\"size-full wp-image-355 alignleft\" src=\"https:\/\/www.kampfsport-dagersheim.de\/wp-content\/uploads\/2019\/12\/2Braun50.jpg\" alt=\"\" width=\"87\" height=\"35\" \/>David Blazinovic, Markus M\u00fcller und Tim Strommer (Braungurt).<\/p>\t\t\t\t\t\t\t\t<\/div>\n\t\t\t\t<\/div>\n\t\t\t\t\t<\/div>\n\t\t<\/div>\n\t\t\t\t\t<\/div>\n\t\t<\/section>\n\t\t\t\t<section class=\"elementor-section elementor-top-section elementor-element elementor-element-b49178a elementor-section-boxed elementor-section-height-default elementor-section-height-default\" data-id=\"b49178a\" data-element_type=\"section\" data-e-type=\"section\">\n\t\t\t\t\t\t<div class=\"elementor-container elementor-column-gap-default\">\n\t\t\t\t\t<div class=\"elementor-column elementor-col-50 elementor-top-column elementor-element elementor-element-a8c90b8\" data-id=\"a8c90b8\" data-element_type=\"column\" data-e-type=\"column\">\n\t\t\t<div class=\"elementor-widget-wrap elementor-element-populated\">\n\t\t\t\t\t\t<div class=\"elementor-element elementor-element-a8af920 elementor-widget elementor-widget-image\" data-id=\"a8af920\" data-element_type=\"widget\" data-e-type=\"widget\" data-widget_type=\"image.default\">\n\t\t\t\t<div class=\"elementor-widget-container\">\n\t\t\t\t\t\t\t\t\t\t\t\t\t\t\t\t<a href=\"https:\/\/www.kampfsport-dagersheim.de\/wp-content\/uploads\/2022\/07\/Gruppenbild-02-scaled.jpg\" data-elementor-open-lightbox=\"yes\" data-elementor-lightbox-title=\"Gruppenbild-02\" data-e-action-hash=\"#elementor-action%3Aaction%3Dlightbox%26settings%3DeyJpZCI6MjQ4NiwidXJsIjoiaHR0cHM6XC9cL3d3dy5rYW1wZnNwb3J0LWRhZ2Vyc2hlaW0uZGVcL3dwLWNvbnRlbnRcL3VwbG9hZHNcLzIwMjJcLzA3XC9HcnVwcGVuYmlsZC0wMi1zY2FsZWQuanBnIn0%3D\">\n\t\t\t\t\t\t\t<img loading=\"lazy\" decoding=\"async\" width=\"740\" height=\"402\" src=\"https:\/\/www.kampfsport-dagersheim.de\/wp-content\/uploads\/2022\/07\/Gruppenbild-02-1024x556.jpg\" class=\"attachment-large size-large wp-image-2486\" alt=\"\" srcset=\"https:\/\/www.kampfsport-dagersheim.de\/wp-content\/uploads\/2022\/07\/Gruppenbild-02-1024x556.jpg 1024w, https:\/\/www.kampfsport-dagersheim.de\/wp-content\/uploads\/2022\/07\/Gruppenbild-02-300x163.jpg 300w, https:\/\/www.kampfsport-dagersheim.de\/wp-content\/uploads\/2022\/07\/Gruppenbild-02-768x417.jpg 768w, https:\/\/www.kampfsport-dagersheim.de\/wp-content\/uploads\/2022\/07\/Gruppenbild-02-1536x834.jpg 1536w, https:\/\/www.kampfsport-dagersheim.de\/wp-content\/uploads\/2022\/07\/Gruppenbild-02-2048x1112.jpg 2048w\" sizes=\"100vw\" \/>\t\t\t\t\t\t\t\t<\/a>\n\t\t\t\t\t\t\t\t\t\t\t\t\t\t\t<\/div>\n\t\t\t\t<\/div>\n\t\t\t\t\t<\/div>\n\t\t<\/div>\n\t\t\t\t<div class=\"elementor-column elementor-col-50 elementor-top-column elementor-element elementor-element-047ef83\" data-id=\"047ef83\" data-element_type=\"column\" data-e-type=\"column\">\n\t\t\t<div class=\"elementor-widget-wrap elementor-element-populated\">\n\t\t\t\t\t\t<div class=\"elementor-element elementor-element-948e02a elementor-widget elementor-widget-image\" data-id=\"948e02a\" data-element_type=\"widget\" data-e-type=\"widget\" data-widget_type=\"image.default\">\n\t\t\t\t<div class=\"elementor-widget-container\">\n\t\t\t\t\t\t\t\t\t\t\t\t\t\t\t\t<a href=\"https:\/\/www.kampfsport-dagersheim.de\/wp-content\/uploads\/2022\/07\/Gruppenbild-03-scaled.jpg\" data-elementor-open-lightbox=\"yes\" data-elementor-lightbox-title=\"Gruppenbild-03\" data-e-action-hash=\"#elementor-action%3Aaction%3Dlightbox%26settings%3DeyJpZCI6MjQ5NCwidXJsIjoiaHR0cHM6XC9cL3d3dy5rYW1wZnNwb3J0LWRhZ2Vyc2hlaW0uZGVcL3dwLWNvbnRlbnRcL3VwbG9hZHNcLzIwMjJcLzA3XC9HcnVwcGVuYmlsZC0wMy1zY2FsZWQuanBnIn0%3D\">\n\t\t\t\t\t\t\t<img loading=\"lazy\" decoding=\"async\" width=\"740\" height=\"489\" src=\"https:\/\/www.kampfsport-dagersheim.de\/wp-content\/uploads\/2022\/07\/Gruppenbild-03-1024x676.jpg\" class=\"attachment-large size-large wp-image-2494\" alt=\"\" srcset=\"https:\/\/www.kampfsport-dagersheim.de\/wp-content\/uploads\/2022\/07\/Gruppenbild-03-1024x676.jpg 1024w, https:\/\/www.kampfsport-dagersheim.de\/wp-content\/uploads\/2022\/07\/Gruppenbild-03-300x198.jpg 300w, https:\/\/www.kampfsport-dagersheim.de\/wp-content\/uploads\/2022\/07\/Gruppenbild-03-768x507.jpg 768w, https:\/\/www.kampfsport-dagersheim.de\/wp-content\/uploads\/2022\/07\/Gruppenbild-03-1536x1014.jpg 1536w, https:\/\/www.kampfsport-dagersheim.de\/wp-content\/uploads\/2022\/07\/Gruppenbild-03-2048x1352.jpg 2048w\" sizes=\"100vw\" \/>\t\t\t\t\t\t\t\t<\/a>\n\t\t\t\t\t\t\t\t\t\t\t\t\t\t\t<\/div>\n\t\t\t\t<\/div>\n\t\t\t\t\t<\/div>\n\t\t<\/div>\n\t\t\t\t\t<\/div>\n\t\t<\/section>\n\t\t\t\t<\/div>\n\t\t","protected":false},"excerpt":{"rendered":"<p>Ju Jitsu G\u00fcrtelpr\u00fcfungen bis zum Braungurt Am Samstag, den 16.07.2022, fand die letzte Ju-Jitsu-G\u00fcrtelpr\u00fcfung vor den Sommerferien statt. Dabei stellten sich sechs Teilnehmer ihrer Pr\u00fcfung zum n\u00e4chsten G\u00fcrtelgrad. Pr\u00fcfer und Trainer Hanshi Matthias Weiss 9. Dan hatte die Teilnehmer gut vorbereitet. Es standen Pr\u00fcfungen zum Gr\u00fcngurt, Blaugurt und Braungurt an. Der Braungurt, der 1. Kyu, &hellip; <\/p>\n<p class=\"link-more\"><a href=\"https:\/\/www.kampfsport-dagersheim.de\/?page_id=2482\" class=\"more-link\"><span class=\"screen-reader-text\">\u201eJu Jitsu G\u00fcrtelpr\u00fcfung 16.07.2022\u201c <\/span>weiterlesen<\/a><\/p>\n","protected":false},"author":1,"featured_media":0,"parent":0,"menu_order":0,"comment_status":"closed","ping_status":"closed","template":"","meta":{"footnotes":""},"class_list":["post-2482","page","type-page","status-publish","hentry"],"_links":{"self":[{"href":"https:\/\/www.kampfsport-dagersheim.de\/index.php?rest_route=\/wp\/v2\/pages\/2482","targetHints":{"allow":["GET"]}}],"collection":[{"href":"https:\/\/www.kampfsport-dagersheim.de\/index.php?rest_route=\/wp\/v2\/pages"}],"about":[{"href":"https:\/\/www.kampfsport-dagersheim.de\/index.php?rest_route=\/wp\/v2\/types\/page"}],"author":[{"embeddable":true,"href":"https:\/\/www.kampfsport-dagersheim.de\/index.php?rest_route=\/wp\/v2\/users\/1"}],"replies":[{"embeddable":true,"href":"https:\/\/www.kampfsport-dagersheim.de\/index.php?rest_route=%2Fwp%2Fv2%2Fcomments&post=2482"}],"version-history":[{"count":7,"href":"https:\/\/www.kampfsport-dagersheim.de\/index.php?rest_route=\/wp\/v2\/pages\/2482\/revisions"}],"predecessor-version":[{"id":2498,"href":"https:\/\/www.kampfsport-dagersheim.de\/index.php?rest_route=\/wp\/v2\/pages\/2482\/revisions\/2498"}],"wp:attachment":[{"href":"https:\/\/www.kampfsport-dagersheim.de\/index.php?rest_route=%2Fwp%2Fv2%2Fmedia&parent=2482"}],"curies":[{"name":"wp","href":"https:\/\/api.w.org\/{rel}","templated":true}]}}