{"id":2469,"date":"2022-07-04T23:12:20","date_gmt":"2022-07-04T21:12:20","guid":{"rendered":"http:\/\/www.kampfsport-dagersheim.de\/?page_id=2469"},"modified":"2022-07-04T23:14:52","modified_gmt":"2022-07-04T21:14:52","slug":"mitgliederversammlung-2022","status":"publish","type":"page","link":"https:\/\/www.kampfsport-dagersheim.de\/?page_id=2469","title":{"rendered":"Mitgliederversammlung 2022"},"content":{"rendered":"\t\t<div data-elementor-type=\"wp-page\" data-elementor-id=\"2469\" class=\"elementor elementor-2469\">\n\t\t\t\t\t\t<section class=\"elementor-section elementor-top-section elementor-element elementor-element-28866b25 elementor-section-boxed elementor-section-height-default elementor-section-height-default\" data-id=\"28866b25\" data-element_type=\"section\" data-e-type=\"section\">\n\t\t\t\t\t\t<div class=\"elementor-container elementor-column-gap-default\">\n\t\t\t\t\t<div class=\"elementor-column elementor-col-100 elementor-top-column elementor-element elementor-element-3cd2f696\" data-id=\"3cd2f696\" data-element_type=\"column\" data-e-type=\"column\">\n\t\t\t<div class=\"elementor-widget-wrap elementor-element-populated\">\n\t\t\t\t\t\t<div class=\"elementor-element elementor-element-5b0afafa elementor-widget elementor-widget-text-editor\" data-id=\"5b0afafa\" data-element_type=\"widget\" data-e-type=\"widget\" data-widget_type=\"text-editor.default\">\n\t\t\t\t<div class=\"elementor-widget-container\">\n\t\t\t\t\t\t\t\t\t<p><a id=\"post-2469-Tabelle3\"><\/a><strong>Mitgliederversammlung 30.05.2022<\/strong><\/p><p><img decoding=\"async\" class=\"wp-image-154 alignright\" src=\"https:\/\/www.kampfsport-dagersheim.de\/wp-content\/uploads\/2019\/12\/cropped-newlogo2011-12CM-JuJitsu-500-1.jpg\" alt=\"\" width=\"177\" height=\"177\" srcset=\"https:\/\/www.kampfsport-dagersheim.de\/wp-content\/uploads\/2019\/12\/cropped-newlogo2011-12CM-JuJitsu-500-1.jpg 250w, https:\/\/www.kampfsport-dagersheim.de\/wp-content\/uploads\/2019\/12\/cropped-newlogo2011-12CM-JuJitsu-500-1-150x150.jpg 150w, https:\/\/www.kampfsport-dagersheim.de\/wp-content\/uploads\/2019\/12\/cropped-newlogo2011-12CM-JuJitsu-500-1-100x100.jpg 100w\" sizes=\"(max-width: 177px) 100vw, 177px\" \/><\/p><p>Am Montag, den 30.05.2022, fand unsere diesj\u00e4hrige Mitgliederv<\/p><p>ersammlung statt. Dieses Jahr fand die Versammlung wieder virtuell \u00fcber Zoom statt. Die Entwicklung des Mitgliederstandes ist gegen\u00fcber dem Vorjahr insgesamt leicht r\u00fcckl\u00e4ufig. In Sachen Finanzen ist die Entwicklung stabil, wir konnten in 2021 unsere R\u00fccklagen weiter ausbauen.<\/p><p>Aufgrund der schrittweisen R\u00fccknahme der Covid19-Beschr\u00e4nkungen im Trainingsbetrieb 2021, konnte wieder auf viele Aktivit\u00e4ten und Ereignisse wie Lehrg\u00e4nge und G\u00fcrtelpr\u00fcfungen in der Abteilung zur\u00fcckgeblickt werden.<\/p><p>Bei den Wahlen wurden Matthias Weiss als Abteilungsleiter und Michael Klengel als Kassier f\u00fcr 2 Jahre wiedergew\u00e4hlt. Bei den Delegierten wurden Cedric Weiss und Anja Ziegerer f\u00fcr 2 weitere Jahre gew\u00e4hlt.<\/p><p>Hier die aktuellen Funktionen der Abteilung Kampfsport:<\/p><table><tbody><tr><td>Abteilungsleiter<\/td><td>Matthias Weiss<\/td><\/tr><tr><td>Stellvertr. Abteilungsleiter<\/td><td>Dieter Kustos<\/td><\/tr><tr><td>Kassier<\/td><td>Michael Klengel<\/td><\/tr><tr><td>Schriftf\u00fchrer<\/td><td>Jens H\u00e4cker<\/td><\/tr><tr><td>Kassenpr\u00fcfer<\/td><td>Sascha Klengel und Robert K\u00f6hler<\/td><\/tr><tr><td>Delegierte<\/td><td>Tobias Scheible, Bernd Schmidt, Cedric Weiss und Anja Ziegerer<\/td><\/tr><tr><td>Ersatzdelegierte<\/td><td>Florian Erdemann und Florian Klein<\/td><\/tr><\/tbody><\/table>\t\t\t\t\t\t\t\t<\/div>\n\t\t\t\t<\/div>\n\t\t\t\t\t<\/div>\n\t\t<\/div>\n\t\t\t\t\t<\/div>\n\t\t<\/section>\n\t\t\t\t<\/div>\n\t\t","protected":false},"excerpt":{"rendered":"<p>Mitgliederversammlung 30.05.2022 Am Montag, den 30.05.2022, fand unsere diesj\u00e4hrige Mitgliederv ersammlung statt. Dieses Jahr fand die Versammlung wieder virtuell \u00fcber Zoom statt. Die Entwicklung des Mitgliederstandes ist gegen\u00fcber dem Vorjahr insgesamt leicht r\u00fcckl\u00e4ufig. In Sachen Finanzen ist die Entwicklung stabil, wir konnten in 2021 unsere R\u00fccklagen weiter ausbauen. Aufgrund der schrittweisen R\u00fccknahme der Covid19-Beschr\u00e4nkungen im &hellip; <\/p>\n<p class=\"link-more\"><a href=\"https:\/\/www.kampfsport-dagersheim.de\/?page_id=2469\" class=\"more-link\"><span class=\"screen-reader-text\">\u201eMitgliederversammlung 2022\u201c <\/span>weiterlesen<\/a><\/p>\n","protected":false},"author":1,"featured_media":0,"parent":0,"menu_order":0,"comment_status":"closed","ping_status":"closed","template":"","meta":{"footnotes":""},"class_list":["post-2469","page","type-page","status-publish","hentry"],"_links":{"self":[{"href":"https:\/\/www.kampfsport-dagersheim.de\/index.php?rest_route=\/wp\/v2\/pages\/2469","targetHints":{"allow":["GET"]}}],"collection":[{"href":"https:\/\/www.kampfsport-dagersheim.de\/index.php?rest_route=\/wp\/v2\/pages"}],"about":[{"href":"https:\/\/www.kampfsport-dagersheim.de\/index.php?rest_route=\/wp\/v2\/types\/page"}],"author":[{"embeddable":true,"href":"https:\/\/www.kampfsport-dagersheim.de\/index.php?rest_route=\/wp\/v2\/users\/1"}],"replies":[{"embeddable":true,"href":"https:\/\/www.kampfsport-dagersheim.de\/index.php?rest_route=%2Fwp%2Fv2%2Fcomments&post=2469"}],"version-history":[{"count":3,"href":"https:\/\/www.kampfsport-dagersheim.de\/index.php?rest_route=\/wp\/v2\/pages\/2469\/revisions"}],"predecessor-version":[{"id":2472,"href":"https:\/\/www.kampfsport-dagersheim.de\/index.php?rest_route=\/wp\/v2\/pages\/2469\/revisions\/2472"}],"wp:attachment":[{"href":"https:\/\/www.kampfsport-dagersheim.de\/index.php?rest_route=%2Fwp%2Fv2%2Fmedia&parent=2469"}],"curies":[{"name":"wp","href":"https:\/\/api.w.org\/{rel}","templated":true}]}}