{"id":2415,"date":"2022-05-28T19:21:44","date_gmt":"2022-05-28T17:21:44","guid":{"rendered":"http:\/\/www.kampfsport-dagersheim.de\/?page_id=2415"},"modified":"2022-05-28T19:32:00","modified_gmt":"2022-05-28T17:32:00","slug":"ju-jitsu-guertelpruefungen-mai-2022-bis-gruengurt","status":"publish","type":"page","link":"https:\/\/www.kampfsport-dagersheim.de\/?page_id=2415","title":{"rendered":"Ju Jitsu G\u00fcrtelpr\u00fcfungen Mai 2022 bis Gr\u00fcngurt"},"content":{"rendered":"\t\t<div data-elementor-type=\"wp-page\" data-elementor-id=\"2415\" class=\"elementor elementor-2415\">\n\t\t\t\t\t\t<section class=\"elementor-section elementor-top-section elementor-element elementor-element-3581a505 elementor-section-boxed elementor-section-height-default elementor-section-height-default\" data-id=\"3581a505\" data-element_type=\"section\" data-e-type=\"section\">\n\t\t\t\t\t\t<div class=\"elementor-container elementor-column-gap-default\">\n\t\t\t\t\t<div class=\"elementor-column elementor-col-100 elementor-top-column elementor-element elementor-element-7306855a\" data-id=\"7306855a\" data-element_type=\"column\" data-e-type=\"column\">\n\t\t\t<div class=\"elementor-widget-wrap elementor-element-populated\">\n\t\t\t\t\t\t<div class=\"elementor-element elementor-element-641a39ec elementor-widget elementor-widget-text-editor\" data-id=\"641a39ec\" data-element_type=\"widget\" data-e-type=\"widget\" data-widget_type=\"text-editor.default\">\n\t\t\t\t<div class=\"elementor-widget-container\">\n\t\t\t\t\t\t\t\t\t<p><strong><img decoding=\"async\" class=\"size-medium wp-image-1388 alignright\" src=\"https:\/\/www.kampfsport-dagersheim.de\/wp-content\/uploads\/2020\/01\/newlogo2011-12CM-JuJitsu-IFAK-150-149x300.jpg\" alt=\"\" width=\"149\" height=\"300\" srcset=\"https:\/\/www.kampfsport-dagersheim.de\/wp-content\/uploads\/2020\/01\/newlogo2011-12CM-JuJitsu-IFAK-150-149x300.jpg 149w, https:\/\/www.kampfsport-dagersheim.de\/wp-content\/uploads\/2020\/01\/newlogo2011-12CM-JuJitsu-IFAK-150.jpg 152w\" sizes=\"(max-width: 149px) 100vw, 149px\" \/>Neue G\u00fcrtelfarben bei der Ju Jitsu-Kampfsportjugend des TSV Dagersheim<\/strong><\/p><p>Bei der Ju Jitsu-Pr\u00fcfung der Kampfsportabteilung des TSV Dagersheim stellten sich acht Pr\u00fcflinge den Pr\u00fcfungen zum gelborangen bis gr\u00fcnen G\u00fcrtel. Im Ju Jitsu gibt es im Jugendbereich Zwischeng\u00fcrtel auf dem Weg zur n\u00e4chsten Farbe, daher werden hier auch Pr\u00fcfungen mit zweifarbigen G\u00fcrteln abgelegt. Bei der Pr\u00fcfung hatten neben den Pr\u00fcfern Abteilungsleiter Matthias Weiss 9. Dan und Cedric Weiss 2. Dan auch die Trainer Florian Erdemann, Nina Hinkelmann und Bernd Schmidt ein Auge auf die acht Pr\u00fcflinge.<\/p><p>Nach der Demonstration von Block-, Tritt- und Schlagtechniken wurde die Fallschule gepr\u00fcft. Die Verteidigungs-, Wurf-, Hebel- und Festlegetechniken wurden dann im Technikprogramm mit Partner gepr\u00fcft. Hier mussten Techniken gegen verschiedene Kontakt-, Distanz- und Waffenangriffe gezeigt werden. Dabei werden nicht nur die dem G\u00fcrtelgrad entsprechenden Techniken verlangt, sondern auch Vorkenntnisse aus den bisherigen G\u00fcrtelprogrammen. Somit steigt neben dem Schwierigkeitsgrad auch der Umfang der Pr\u00fcfung. Zum Schluss folgte noch ein Theorieteil. Alle Pr\u00fcflinge haben mit ihren Leistungen \u00fcberzeugt und durften die neuen G\u00fcrtel und Urkunden entgegennehmen.<\/p><p>Die Pr\u00fcfung bestanden mit Erfolg:<\/p><p><img decoding=\"async\" class=\"size-full wp-image-364 alignleft\" src=\"https:\/\/www.kampfsport-dagersheim.de\/wp-content\/uploads\/2019\/12\/8Gelb-orange50.jpg\" alt=\"\" width=\"87\" height=\"35\" \/> Emma Greiner (Gelborangegurt)<\/p><p><img decoding=\"async\" class=\"size-full wp-image-361 alignleft\" src=\"https:\/\/www.kampfsport-dagersheim.de\/wp-content\/uploads\/2019\/12\/7Orange50.jpg\" alt=\"\" width=\"87\" height=\"35\" \/> Falk Bauer, Jannes Durban und Maya Schweitzer (Orangegurt)<\/p><p><img loading=\"lazy\" decoding=\"async\" class=\"size-full wp-image-362 alignleft\" src=\"https:\/\/www.kampfsport-dagersheim.de\/wp-content\/uploads\/2019\/12\/7Orangegruen50.jpg\" alt=\"\" width=\"87\" height=\"35\" \/> Celina Hasenclever und Svenja Widmaier (Orangegr\u00fcngurt)<\/p><p><img loading=\"lazy\" decoding=\"async\" class=\"size-full wp-image-360 alignleft\" src=\"https:\/\/www.kampfsport-dagersheim.de\/wp-content\/uploads\/2019\/12\/6Gruen50.jpg\" alt=\"\" width=\"87\" height=\"35\" \/> Luca und Marcel H\u00f6rtkorn (Gr\u00fcngurt)<\/p>\t\t\t\t\t\t\t\t<\/div>\n\t\t\t\t<\/div>\n\t\t\t\t<section class=\"elementor-section elementor-inner-section elementor-element elementor-element-ed362a4 elementor-section-boxed elementor-section-height-default elementor-section-height-default\" data-id=\"ed362a4\" data-element_type=\"section\" data-e-type=\"section\">\n\t\t\t\t\t\t<div class=\"elementor-container elementor-column-gap-default\">\n\t\t\t\t\t<div class=\"elementor-column elementor-col-50 elementor-inner-column elementor-element elementor-element-fd24783\" data-id=\"fd24783\" data-element_type=\"column\" data-e-type=\"column\">\n\t\t\t<div class=\"elementor-widget-wrap elementor-element-populated\">\n\t\t\t\t\t\t<div class=\"elementor-element elementor-element-bcbc0d8 elementor-widget elementor-widget-image\" data-id=\"bcbc0d8\" data-element_type=\"widget\" data-e-type=\"widget\" data-widget_type=\"image.default\">\n\t\t\t\t<div class=\"elementor-widget-container\">\n\t\t\t\t\t\t\t\t\t\t\t\t\t\t\t\t<a href=\"https:\/\/www.kampfsport-dagersheim.de\/wp-content\/uploads\/2022\/05\/Gruppenbild01-scaled.jpg\" data-elementor-open-lightbox=\"yes\" data-elementor-lightbox-title=\"Gruppenbild01\" data-e-action-hash=\"#elementor-action%3Aaction%3Dlightbox%26settings%3DeyJpZCI6MjQxOSwidXJsIjoiaHR0cHM6XC9cL3d3dy5rYW1wZnNwb3J0LWRhZ2Vyc2hlaW0uZGVcL3dwLWNvbnRlbnRcL3VwbG9hZHNcLzIwMjJcLzA1XC9HcnVwcGVuYmlsZDAxLXNjYWxlZC5qcGcifQ%3D%3D\">\n\t\t\t\t\t\t\t<img loading=\"lazy\" decoding=\"async\" width=\"740\" height=\"379\" src=\"https:\/\/www.kampfsport-dagersheim.de\/wp-content\/uploads\/2022\/05\/Gruppenbild01-1024x525.jpg\" class=\"attachment-large size-large wp-image-2419\" alt=\"\" srcset=\"https:\/\/www.kampfsport-dagersheim.de\/wp-content\/uploads\/2022\/05\/Gruppenbild01-1024x525.jpg 1024w, https:\/\/www.kampfsport-dagersheim.de\/wp-content\/uploads\/2022\/05\/Gruppenbild01-300x154.jpg 300w, https:\/\/www.kampfsport-dagersheim.de\/wp-content\/uploads\/2022\/05\/Gruppenbild01-768x394.jpg 768w, https:\/\/www.kampfsport-dagersheim.de\/wp-content\/uploads\/2022\/05\/Gruppenbild01-1536x788.jpg 1536w, https:\/\/www.kampfsport-dagersheim.de\/wp-content\/uploads\/2022\/05\/Gruppenbild01-2048x1050.jpg 2048w\" sizes=\"100vw\" \/>\t\t\t\t\t\t\t\t<\/a>\n\t\t\t\t\t\t\t\t\t\t\t\t\t\t\t<\/div>\n\t\t\t\t<\/div>\n\t\t\t\t\t<\/div>\n\t\t<\/div>\n\t\t\t\t<div class=\"elementor-column elementor-col-50 elementor-inner-column elementor-element elementor-element-868a032\" data-id=\"868a032\" data-element_type=\"column\" data-e-type=\"column\">\n\t\t\t<div class=\"elementor-widget-wrap elementor-element-populated\">\n\t\t\t\t\t\t<div class=\"elementor-element elementor-element-e69340d elementor-widget elementor-widget-image\" data-id=\"e69340d\" data-element_type=\"widget\" data-e-type=\"widget\" data-widget_type=\"image.default\">\n\t\t\t\t<div class=\"elementor-widget-container\">\n\t\t\t\t\t\t\t\t\t\t\t\t\t\t\t\t<a href=\"https:\/\/www.kampfsport-dagersheim.de\/wp-content\/uploads\/2022\/05\/Gruppenbild02-scaled.jpg\" data-elementor-open-lightbox=\"yes\" data-elementor-lightbox-title=\"Gruppenbild02\" data-e-action-hash=\"#elementor-action%3Aaction%3Dlightbox%26settings%3DeyJpZCI6MjQyMCwidXJsIjoiaHR0cHM6XC9cL3d3dy5rYW1wZnNwb3J0LWRhZ2Vyc2hlaW0uZGVcL3dwLWNvbnRlbnRcL3VwbG9hZHNcLzIwMjJcLzA1XC9HcnVwcGVuYmlsZDAyLXNjYWxlZC5qcGcifQ%3D%3D\">\n\t\t\t\t\t\t\t<img loading=\"lazy\" decoding=\"async\" width=\"740\" height=\"361\" src=\"https:\/\/www.kampfsport-dagersheim.de\/wp-content\/uploads\/2022\/05\/Gruppenbild02-1024x500.jpg\" class=\"attachment-large size-large wp-image-2420\" alt=\"\" srcset=\"https:\/\/www.kampfsport-dagersheim.de\/wp-content\/uploads\/2022\/05\/Gruppenbild02-1024x500.jpg 1024w, https:\/\/www.kampfsport-dagersheim.de\/wp-content\/uploads\/2022\/05\/Gruppenbild02-300x147.jpg 300w, https:\/\/www.kampfsport-dagersheim.de\/wp-content\/uploads\/2022\/05\/Gruppenbild02-768x375.jpg 768w, https:\/\/www.kampfsport-dagersheim.de\/wp-content\/uploads\/2022\/05\/Gruppenbild02-1536x751.jpg 1536w, https:\/\/www.kampfsport-dagersheim.de\/wp-content\/uploads\/2022\/05\/Gruppenbild02-2048x1001.jpg 2048w\" sizes=\"100vw\" \/>\t\t\t\t\t\t\t\t<\/a>\n\t\t\t\t\t\t\t\t\t\t\t\t\t\t\t<\/div>\n\t\t\t\t<\/div>\n\t\t\t\t\t<\/div>\n\t\t<\/div>\n\t\t\t\t\t<\/div>\n\t\t<\/section>\n\t\t\t\t\t<\/div>\n\t\t<\/div>\n\t\t\t\t\t<\/div>\n\t\t<\/section>\n\t\t\t\t<\/div>\n\t\t","protected":false},"excerpt":{"rendered":"<p>Neue G\u00fcrtelfarben bei der Ju Jitsu-Kampfsportjugend des TSV Dagersheim Bei der Ju Jitsu-Pr\u00fcfung der Kampfsportabteilung des TSV Dagersheim stellten sich acht Pr\u00fcflinge den Pr\u00fcfungen zum gelborangen bis gr\u00fcnen G\u00fcrtel. Im Ju Jitsu gibt es im Jugendbereich Zwischeng\u00fcrtel auf dem Weg zur n\u00e4chsten Farbe, daher werden hier auch Pr\u00fcfungen mit zweifarbigen G\u00fcrteln abgelegt. Bei der Pr\u00fcfung &hellip; <\/p>\n<p class=\"link-more\"><a href=\"https:\/\/www.kampfsport-dagersheim.de\/?page_id=2415\" class=\"more-link\"><span class=\"screen-reader-text\">\u201eJu Jitsu G\u00fcrtelpr\u00fcfungen Mai 2022 bis Gr\u00fcngurt\u201c <\/span>weiterlesen<\/a><\/p>\n","protected":false},"author":1,"featured_media":0,"parent":0,"menu_order":0,"comment_status":"closed","ping_status":"closed","template":"","meta":{"footnotes":""},"class_list":["post-2415","page","type-page","status-publish","hentry"],"_links":{"self":[{"href":"https:\/\/www.kampfsport-dagersheim.de\/index.php?rest_route=\/wp\/v2\/pages\/2415","targetHints":{"allow":["GET"]}}],"collection":[{"href":"https:\/\/www.kampfsport-dagersheim.de\/index.php?rest_route=\/wp\/v2\/pages"}],"about":[{"href":"https:\/\/www.kampfsport-dagersheim.de\/index.php?rest_route=\/wp\/v2\/types\/page"}],"author":[{"embeddable":true,"href":"https:\/\/www.kampfsport-dagersheim.de\/index.php?rest_route=\/wp\/v2\/users\/1"}],"replies":[{"embeddable":true,"href":"https:\/\/www.kampfsport-dagersheim.de\/index.php?rest_route=%2Fwp%2Fv2%2Fcomments&post=2415"}],"version-history":[{"count":4,"href":"https:\/\/www.kampfsport-dagersheim.de\/index.php?rest_route=\/wp\/v2\/pages\/2415\/revisions"}],"predecessor-version":[{"id":2423,"href":"https:\/\/www.kampfsport-dagersheim.de\/index.php?rest_route=\/wp\/v2\/pages\/2415\/revisions\/2423"}],"wp:attachment":[{"href":"https:\/\/www.kampfsport-dagersheim.de\/index.php?rest_route=%2Fwp%2Fv2%2Fmedia&parent=2415"}],"curies":[{"name":"wp","href":"https:\/\/api.w.org\/{rel}","templated":true}]}}