{"id":2407,"date":"2022-05-28T19:07:52","date_gmt":"2022-05-28T17:07:52","guid":{"rendered":"http:\/\/www.kampfsport-dagersheim.de\/?page_id=2407"},"modified":"2022-05-28T19:19:55","modified_gmt":"2022-05-28T17:19:55","slug":"ju-jitsu-gelbgurtpruefungen-mai-2022","status":"publish","type":"page","link":"https:\/\/www.kampfsport-dagersheim.de\/?page_id=2407","title":{"rendered":"Ju Jitsu Gelbgurtpr\u00fcfungen Mai 2022"},"content":{"rendered":"\t\t<div data-elementor-type=\"wp-page\" data-elementor-id=\"2407\" class=\"elementor elementor-2407\">\n\t\t\t\t\t\t<section class=\"elementor-section elementor-top-section elementor-element elementor-element-625b1ca3 elementor-section-boxed elementor-section-height-default elementor-section-height-default\" data-id=\"625b1ca3\" data-element_type=\"section\" data-e-type=\"section\">\n\t\t\t\t\t\t<div class=\"elementor-container elementor-column-gap-default\">\n\t\t\t\t\t<div class=\"elementor-column elementor-col-100 elementor-top-column elementor-element elementor-element-14d874be\" data-id=\"14d874be\" data-element_type=\"column\" data-e-type=\"column\">\n\t\t\t<div class=\"elementor-widget-wrap elementor-element-populated\">\n\t\t\t\t\t\t<div class=\"elementor-element elementor-element-49708ca3 elementor-widget elementor-widget-text-editor\" data-id=\"49708ca3\" data-element_type=\"widget\" data-e-type=\"widget\" data-widget_type=\"text-editor.default\">\n\t\t\t\t<div class=\"elementor-widget-container\">\n\t\t\t\t\t\t\t\t\t<p><strong>Gelbgurtpr\u00fcfung bei der Kampfsportjugend des TSV Dagersheim<\/strong><\/p><p>Am Sams<span style=\"font-size: 1rem;\">tag, den 21.05.2022, fanden Pr\u00fcfungen der Ju Jitsu-Jugend der Kampfsportabteilung des TSV Dagersheim statt. Hier stellten sich insgesamt acht Pr\u00fcflinge aus zwei Jugendgruppen der P<\/span><span style=\"font-size: 1rem;\">r\u00fcfung zum gelben G\u00fcrtel. Von ihren Trainern gut vorbereitet, durften die Kids<\/span><span style=\"font-size: 1rem;\">\u00a0sich den Pr\u00fcfern Abteilungsleiter Matthias Weiss 9. Dan und Cedric Weiss 2. Dan stellen.<\/span><\/p><p>Zu Beginn der Pr\u00fcfung mussten die Pr\u00fcflinge die Fallschule, die Bewegungslehre und die sogenannte Grundschule nach Ansage von Trainer Florian Erdemann pr\u00e4sentieren. Zur Grundschule geh\u00f6ren verschiedene Block-, Tritt und Schlagtechniken. Der gr\u00f6\u00dfere Pr\u00fcfungsteil besteht aus Verteidigungs- und Festlegetechniken, die mit Partner demonstriert werden. Dies beinhaltet sowohl Kontaktangriffe, Distanzangriffe als auch bewaffnete Angriffe. Zum Schluss stand ein m\u00fcndlicher Theorieteil auf dem Programm. Alle Pr\u00fcflinge \u00fcberzeugten mit ihren Leistungen und konnten stolz die neuen G\u00fcrtel und Urkunden entgegennehmen.<\/p><p>Die Pr\u00fcfung zum Gelbgurt im Ju-Jitsu bestanden mit Erfolg:\u00a0 <img decoding=\"async\" class=\"size-full wp-image-363 aligncenter\" src=\"https:\/\/www.kampfsport-dagersheim.de\/wp-content\/uploads\/2019\/12\/8Gelb50.jpg\" alt=\"\" width=\"87\" height=\"35\" \/><br \/>Alan Alickaj, Jakob Daniels, Sophie Daniels, Jon Elshani, Tim H\u00e4mmerle, Lukas Kevric, Olivia Kevric und Seraphina Wandrey<\/p>\t\t\t\t\t\t\t\t<\/div>\n\t\t\t\t<\/div>\n\t\t\t\t<section class=\"elementor-section elementor-inner-section elementor-element elementor-element-f3901a6 elementor-section-boxed elementor-section-height-default elementor-section-height-default\" data-id=\"f3901a6\" data-element_type=\"section\" data-e-type=\"section\">\n\t\t\t\t\t\t<div class=\"elementor-container elementor-column-gap-default\">\n\t\t\t\t\t<div class=\"elementor-column elementor-col-50 elementor-inner-column elementor-element elementor-element-605b52f\" data-id=\"605b52f\" data-element_type=\"column\" data-e-type=\"column\">\n\t\t\t<div class=\"elementor-widget-wrap elementor-element-populated\">\n\t\t\t\t\t\t<div class=\"elementor-element elementor-element-ffc81f8 elementor-widget elementor-widget-image\" data-id=\"ffc81f8\" data-element_type=\"widget\" data-e-type=\"widget\" data-widget_type=\"image.default\">\n\t\t\t\t<div class=\"elementor-widget-container\">\n\t\t\t\t\t\t\t\t\t\t\t\t\t\t\t\t<a href=\"https:\/\/www.kampfsport-dagersheim.de\/wp-content\/uploads\/2022\/05\/word-image.jpeg\" data-elementor-open-lightbox=\"yes\" data-elementor-lightbox-title=\"word-image\" data-e-action-hash=\"#elementor-action%3Aaction%3Dlightbox%26settings%3DeyJpZCI6MjQwOCwidXJsIjoiaHR0cHM6XC9cL3d3dy5rYW1wZnNwb3J0LWRhZ2Vyc2hlaW0uZGVcL3dwLWNvbnRlbnRcL3VwbG9hZHNcLzIwMjJcLzA1XC93b3JkLWltYWdlLmpwZWcifQ%3D%3D\">\n\t\t\t\t\t\t\t<img fetchpriority=\"high\" decoding=\"async\" width=\"740\" height=\"420\" src=\"https:\/\/www.kampfsport-dagersheim.de\/wp-content\/uploads\/2022\/05\/word-image-1024x581.jpeg\" class=\"attachment-large size-large wp-image-2408\" alt=\"\" srcset=\"https:\/\/www.kampfsport-dagersheim.de\/wp-content\/uploads\/2022\/05\/word-image-1024x581.jpeg 1024w, https:\/\/www.kampfsport-dagersheim.de\/wp-content\/uploads\/2022\/05\/word-image-300x170.jpeg 300w, https:\/\/www.kampfsport-dagersheim.de\/wp-content\/uploads\/2022\/05\/word-image-768x436.jpeg 768w, https:\/\/www.kampfsport-dagersheim.de\/wp-content\/uploads\/2022\/05\/word-image.jpeg 1385w\" sizes=\"100vw\" \/>\t\t\t\t\t\t\t\t<\/a>\n\t\t\t\t\t\t\t\t\t\t\t\t\t\t\t<\/div>\n\t\t\t\t<\/div>\n\t\t\t\t\t<\/div>\n\t\t<\/div>\n\t\t\t\t<div class=\"elementor-column elementor-col-50 elementor-inner-column elementor-element elementor-element-8a62b43\" data-id=\"8a62b43\" data-element_type=\"column\" data-e-type=\"column\">\n\t\t\t<div class=\"elementor-widget-wrap elementor-element-populated\">\n\t\t\t\t\t\t<div class=\"elementor-element elementor-element-de17d27 elementor-widget elementor-widget-image\" data-id=\"de17d27\" data-element_type=\"widget\" data-e-type=\"widget\" data-widget_type=\"image.default\">\n\t\t\t\t<div class=\"elementor-widget-container\">\n\t\t\t\t\t\t\t\t\t\t\t\t\t\t\t\t<a href=\"https:\/\/www.kampfsport-dagersheim.de\/wp-content\/uploads\/2022\/05\/Gelbgurtpruefung-2-scaled.jpg\" data-elementor-open-lightbox=\"yes\" data-elementor-lightbox-title=\"Gelbgurtpruefung-2\" data-e-action-hash=\"#elementor-action%3Aaction%3Dlightbox%26settings%3DeyJpZCI6MjQxMCwidXJsIjoiaHR0cHM6XC9cL3d3dy5rYW1wZnNwb3J0LWRhZ2Vyc2hlaW0uZGVcL3dwLWNvbnRlbnRcL3VwbG9hZHNcLzIwMjJcLzA1XC9HZWxiZ3VydHBydWVmdW5nLTItc2NhbGVkLmpwZyJ9\">\n\t\t\t\t\t\t\t<img decoding=\"async\" width=\"740\" height=\"432\" src=\"https:\/\/www.kampfsport-dagersheim.de\/wp-content\/uploads\/2022\/05\/Gelbgurtpruefung-2-1024x598.jpg\" class=\"attachment-large size-large wp-image-2410\" alt=\"\" srcset=\"https:\/\/www.kampfsport-dagersheim.de\/wp-content\/uploads\/2022\/05\/Gelbgurtpruefung-2-1024x598.jpg 1024w, https:\/\/www.kampfsport-dagersheim.de\/wp-content\/uploads\/2022\/05\/Gelbgurtpruefung-2-300x175.jpg 300w, https:\/\/www.kampfsport-dagersheim.de\/wp-content\/uploads\/2022\/05\/Gelbgurtpruefung-2-768x449.jpg 768w, https:\/\/www.kampfsport-dagersheim.de\/wp-content\/uploads\/2022\/05\/Gelbgurtpruefung-2-1536x897.jpg 1536w, https:\/\/www.kampfsport-dagersheim.de\/wp-content\/uploads\/2022\/05\/Gelbgurtpruefung-2-2048x1197.jpg 2048w\" sizes=\"100vw\" \/>\t\t\t\t\t\t\t\t<\/a>\n\t\t\t\t\t\t\t\t\t\t\t\t\t\t\t<\/div>\n\t\t\t\t<\/div>\n\t\t\t\t\t<\/div>\n\t\t<\/div>\n\t\t\t\t\t<\/div>\n\t\t<\/section>\n\t\t\t\t\t<\/div>\n\t\t<\/div>\n\t\t\t\t\t<\/div>\n\t\t<\/section>\n\t\t\t\t<\/div>\n\t\t","protected":false},"excerpt":{"rendered":"<p>Gelbgurtpr\u00fcfung bei der Kampfsportjugend des TSV Dagersheim Am Samstag, den 21.05.2022, fanden Pr\u00fcfungen der Ju Jitsu-Jugend der Kampfsportabteilung des TSV Dagersheim statt. Hier stellten sich insgesamt acht Pr\u00fcflinge aus zwei Jugendgruppen der Pr\u00fcfung zum gelben G\u00fcrtel. Von ihren Trainern gut vorbereitet, durften die Kids\u00a0sich den Pr\u00fcfern Abteilungsleiter Matthias Weiss 9. Dan und Cedric Weiss 2. &hellip; <\/p>\n<p class=\"link-more\"><a href=\"https:\/\/www.kampfsport-dagersheim.de\/?page_id=2407\" class=\"more-link\"><span class=\"screen-reader-text\">\u201eJu Jitsu Gelbgurtpr\u00fcfungen Mai 2022\u201c <\/span>weiterlesen<\/a><\/p>\n","protected":false},"author":1,"featured_media":0,"parent":0,"menu_order":0,"comment_status":"closed","ping_status":"closed","template":"","meta":{"footnotes":""},"class_list":["post-2407","page","type-page","status-publish","hentry"],"_links":{"self":[{"href":"https:\/\/www.kampfsport-dagersheim.de\/index.php?rest_route=\/wp\/v2\/pages\/2407","targetHints":{"allow":["GET"]}}],"collection":[{"href":"https:\/\/www.kampfsport-dagersheim.de\/index.php?rest_route=\/wp\/v2\/pages"}],"about":[{"href":"https:\/\/www.kampfsport-dagersheim.de\/index.php?rest_route=\/wp\/v2\/types\/page"}],"author":[{"embeddable":true,"href":"https:\/\/www.kampfsport-dagersheim.de\/index.php?rest_route=\/wp\/v2\/users\/1"}],"replies":[{"embeddable":true,"href":"https:\/\/www.kampfsport-dagersheim.de\/index.php?rest_route=%2Fwp%2Fv2%2Fcomments&post=2407"}],"version-history":[{"count":4,"href":"https:\/\/www.kampfsport-dagersheim.de\/index.php?rest_route=\/wp\/v2\/pages\/2407\/revisions"}],"predecessor-version":[{"id":2414,"href":"https:\/\/www.kampfsport-dagersheim.de\/index.php?rest_route=\/wp\/v2\/pages\/2407\/revisions\/2414"}],"wp:attachment":[{"href":"https:\/\/www.kampfsport-dagersheim.de\/index.php?rest_route=%2Fwp%2Fv2%2Fmedia&parent=2407"}],"curies":[{"name":"wp","href":"https:\/\/api.w.org\/{rel}","templated":true}]}}