{"id":2344,"date":"2022-04-19T21:15:08","date_gmt":"2022-04-19T19:15:08","guid":{"rendered":"http:\/\/www.kampfsport-dagersheim.de\/?page_id=2344"},"modified":"2022-04-19T21:31:29","modified_gmt":"2022-04-19T19:31:29","slug":"kvbw-kindertrainer-fortbildung-2022","status":"publish","type":"page","link":"https:\/\/www.kampfsport-dagersheim.de\/?page_id=2344","title":{"rendered":"KVBW Kindertrainer-Fortbildung 2022"},"content":{"rendered":"\t\t<div data-elementor-type=\"wp-page\" data-elementor-id=\"2344\" class=\"elementor elementor-2344\">\n\t\t\t\t\t\t<section class=\"elementor-section elementor-top-section elementor-element elementor-element-32450cb elementor-section-boxed elementor-section-height-default elementor-section-height-default\" data-id=\"32450cb\" data-element_type=\"section\" data-e-type=\"section\">\n\t\t\t\t\t\t<div class=\"elementor-container elementor-column-gap-default\">\n\t\t\t\t\t<div class=\"elementor-column elementor-col-100 elementor-top-column elementor-element elementor-element-9481174\" data-id=\"9481174\" data-element_type=\"column\" data-e-type=\"column\">\n\t\t\t<div class=\"elementor-widget-wrap elementor-element-populated\">\n\t\t\t\t\t\t<div class=\"elementor-element elementor-element-3223e12 elementor-widget elementor-widget-text-editor\" data-id=\"3223e12\" data-element_type=\"widget\" data-e-type=\"widget\" data-widget_type=\"text-editor.default\">\n\t\t\t\t<div class=\"elementor-widget-container\">\n\t\t\t\t\t\t\t\t\t<p><strong>Dezentrales Kinderf\u00f6rdertraining und Kindertrainerfortbildung des Karateverbandes Baden-W\u00fcrttemberg KVBW<\/strong><\/p><p>Am 26.03.2022 fand in B\u00f6blingen ein dezentrales Kinderf\u00f6rdertraining mit Kindertrainerfortbildung statt. Veranstalter war der Karate-Verband Baden-W\u00fcrttemberg. Geleitet wurde diese Veranstaltung vom KVBW-Landesjugendreferenten Helmut Spitznagel.<\/p><p>Insgesamt haben 60 Kinder (maximale Teilnehmerzahl) und etwa 20 Heimtrainer an diesem Lehrgang teilgenommen.\u00a0Von der Abteilung Kampfsport &#8211; Gruppe Shotokan Karate &#8211; waren Jens H\u00e4cker (Trainer) und sein Sohn David sowie Chris Ogrinec (Trainer) und sein Sohn Raphael vertreten.<\/p><p>Inhalte dieses \u00fcber 6 Stunden dauernden F\u00f6rder-Trainings waren:<\/p><ul><li><span style=\"font-size: 1rem;\">Grundlegende Motorik- und Rhythmusschulung<\/span><\/li><li>Techniktraining Karate (Kihon &#8211; Kata &#8211; Kumite)<\/li><li>Spezielle Motorikschulung Kumite mit Trainingshilfsmittel<\/li><li>Didaktik und Methodik im Katatraining<\/li><li>Besser werden in der Schule und im Alltag &#8211; Kognitives Karatetraining<\/li><li>Abschlussbesprechung mit den Kindertrainern. Umsetzung in den Trainingsgruppen im Verein<\/li><\/ul><p>Allen teilnehmenden Kindern wurden am Ende eine Medaille und eine Teilnahmeurkunde \u00fcberreicht.\u00a0Alle teilnehmenden Trainer haben das KVBW-Kindertrainer-Zertifikat erhalten.<\/p>\t\t\t\t\t\t\t\t<\/div>\n\t\t\t\t<\/div>\n\t\t\t\t<section class=\"elementor-section elementor-inner-section elementor-element elementor-element-f57e6e5 elementor-section-boxed elementor-section-height-default elementor-section-height-default\" data-id=\"f57e6e5\" data-element_type=\"section\" data-e-type=\"section\">\n\t\t\t\t\t\t<div class=\"elementor-container elementor-column-gap-default\">\n\t\t\t\t\t<div class=\"elementor-column elementor-col-25 elementor-inner-column elementor-element elementor-element-4ba9f73\" data-id=\"4ba9f73\" data-element_type=\"column\" data-e-type=\"column\">\n\t\t\t<div class=\"elementor-widget-wrap elementor-element-populated\">\n\t\t\t\t\t\t<div class=\"elementor-element elementor-element-ed67bf3 elementor-widget elementor-widget-image\" data-id=\"ed67bf3\" data-element_type=\"widget\" data-e-type=\"widget\" data-widget_type=\"image.default\">\n\t\t\t\t<div class=\"elementor-widget-container\">\n\t\t\t\t\t\t\t\t\t\t\t\t\t\t\t\t<a href=\"https:\/\/www.kampfsport-dagersheim.de\/wp-content\/uploads\/2022\/04\/KVBW-Zertifikat-Jens-scaled.jpg\" data-elementor-open-lightbox=\"yes\" data-elementor-lightbox-title=\"KVBW-Zertifikat-Jens\" data-e-action-hash=\"#elementor-action%3Aaction%3Dlightbox%26settings%3DeyJpZCI6MjM0OCwidXJsIjoiaHR0cHM6XC9cL3d3dy5rYW1wZnNwb3J0LWRhZ2Vyc2hlaW0uZGVcL3dwLWNvbnRlbnRcL3VwbG9hZHNcLzIwMjJcLzA0XC9LVkJXLVplcnRpZmlrYXQtSmVucy1zY2FsZWQuanBnIn0%3D\">\n\t\t\t\t\t\t\t<img fetchpriority=\"high\" decoding=\"async\" width=\"214\" height=\"300\" src=\"https:\/\/www.kampfsport-dagersheim.de\/wp-content\/uploads\/2022\/04\/KVBW-Zertifikat-Jens-214x300.jpg\" class=\"attachment-medium size-medium wp-image-2348\" alt=\"\" srcset=\"https:\/\/www.kampfsport-dagersheim.de\/wp-content\/uploads\/2022\/04\/KVBW-Zertifikat-Jens-214x300.jpg 214w, https:\/\/www.kampfsport-dagersheim.de\/wp-content\/uploads\/2022\/04\/KVBW-Zertifikat-Jens-729x1024.jpg 729w, https:\/\/www.kampfsport-dagersheim.de\/wp-content\/uploads\/2022\/04\/KVBW-Zertifikat-Jens-768x1079.jpg 768w, https:\/\/www.kampfsport-dagersheim.de\/wp-content\/uploads\/2022\/04\/KVBW-Zertifikat-Jens-1094x1536.jpg 1094w, https:\/\/www.kampfsport-dagersheim.de\/wp-content\/uploads\/2022\/04\/KVBW-Zertifikat-Jens-1458x2048.jpg 1458w, https:\/\/www.kampfsport-dagersheim.de\/wp-content\/uploads\/2022\/04\/KVBW-Zertifikat-Jens-scaled.jpg 1823w\" sizes=\"100vw\" \/>\t\t\t\t\t\t\t\t<\/a>\n\t\t\t\t\t\t\t\t\t\t\t\t\t\t\t<\/div>\n\t\t\t\t<\/div>\n\t\t\t\t\t<\/div>\n\t\t<\/div>\n\t\t\t\t<div class=\"elementor-column elementor-col-25 elementor-inner-column elementor-element elementor-element-f1e7769\" data-id=\"f1e7769\" data-element_type=\"column\" data-e-type=\"column\">\n\t\t\t<div class=\"elementor-widget-wrap\">\n\t\t\t\t\t\t\t<\/div>\n\t\t<\/div>\n\t\t\t\t<div class=\"elementor-column elementor-col-25 elementor-inner-column elementor-element elementor-element-28df4c6\" data-id=\"28df4c6\" data-element_type=\"column\" data-e-type=\"column\">\n\t\t\t<div class=\"elementor-widget-wrap elementor-element-populated\">\n\t\t\t\t\t\t<div class=\"elementor-element elementor-element-6a694e0 elementor-widget elementor-widget-image\" data-id=\"6a694e0\" data-element_type=\"widget\" data-e-type=\"widget\" data-widget_type=\"image.default\">\n\t\t\t\t<div class=\"elementor-widget-container\">\n\t\t\t\t\t\t\t\t\t\t\t\t\t\t\t\t<a href=\"https:\/\/www.kampfsport-dagersheim.de\/wp-content\/uploads\/2022\/04\/KVBW-Zertifikat-Christian-scaled.jpg\" data-elementor-open-lightbox=\"yes\" data-elementor-lightbox-title=\"KVBW-Zertifikat-Christian\" data-e-action-hash=\"#elementor-action%3Aaction%3Dlightbox%26settings%3DeyJpZCI6MjM0NywidXJsIjoiaHR0cHM6XC9cL3d3dy5rYW1wZnNwb3J0LWRhZ2Vyc2hlaW0uZGVcL3dwLWNvbnRlbnRcL3VwbG9hZHNcLzIwMjJcLzA0XC9LVkJXLVplcnRpZmlrYXQtQ2hyaXN0aWFuLXNjYWxlZC5qcGcifQ%3D%3D\">\n\t\t\t\t\t\t\t<img decoding=\"async\" width=\"215\" height=\"300\" src=\"https:\/\/www.kampfsport-dagersheim.de\/wp-content\/uploads\/2022\/04\/KVBW-Zertifikat-Christian-215x300.jpg\" class=\"attachment-medium size-medium wp-image-2347\" alt=\"\" srcset=\"https:\/\/www.kampfsport-dagersheim.de\/wp-content\/uploads\/2022\/04\/KVBW-Zertifikat-Christian-215x300.jpg 215w, https:\/\/www.kampfsport-dagersheim.de\/wp-content\/uploads\/2022\/04\/KVBW-Zertifikat-Christian-733x1024.jpg 733w, https:\/\/www.kampfsport-dagersheim.de\/wp-content\/uploads\/2022\/04\/KVBW-Zertifikat-Christian-768x1072.jpg 768w, https:\/\/www.kampfsport-dagersheim.de\/wp-content\/uploads\/2022\/04\/KVBW-Zertifikat-Christian-1100x1536.jpg 1100w, https:\/\/www.kampfsport-dagersheim.de\/wp-content\/uploads\/2022\/04\/KVBW-Zertifikat-Christian-1467x2048.jpg 1467w, https:\/\/www.kampfsport-dagersheim.de\/wp-content\/uploads\/2022\/04\/KVBW-Zertifikat-Christian-scaled.jpg 1833w\" sizes=\"100vw\" \/>\t\t\t\t\t\t\t\t<\/a>\n\t\t\t\t\t\t\t\t\t\t\t\t\t\t\t<\/div>\n\t\t\t\t<\/div>\n\t\t\t\t\t<\/div>\n\t\t<\/div>\n\t\t\t\t<div class=\"elementor-column elementor-col-25 elementor-inner-column elementor-element elementor-element-f2fd1b7\" data-id=\"f2fd1b7\" data-element_type=\"column\" data-e-type=\"column\">\n\t\t\t<div class=\"elementor-widget-wrap\">\n\t\t\t\t\t\t\t<\/div>\n\t\t<\/div>\n\t\t\t\t\t<\/div>\n\t\t<\/section>\n\t\t\t\t\t<\/div>\n\t\t<\/div>\n\t\t\t\t\t<\/div>\n\t\t<\/section>\n\t\t\t\t<section class=\"elementor-section elementor-top-section elementor-element elementor-element-a2deee0 elementor-section-boxed elementor-section-height-default elementor-section-height-default\" data-id=\"a2deee0\" data-element_type=\"section\" data-e-type=\"section\">\n\t\t\t\t\t\t<div class=\"elementor-container elementor-column-gap-default\">\n\t\t\t\t\t<div class=\"elementor-column elementor-col-100 elementor-top-column elementor-element elementor-element-784ea5d\" data-id=\"784ea5d\" data-element_type=\"column\" data-e-type=\"column\">\n\t\t\t<div class=\"elementor-widget-wrap\">\n\t\t\t\t\t\t\t<\/div>\n\t\t<\/div>\n\t\t\t\t\t<\/div>\n\t\t<\/section>\n\t\t\t\t<\/div>\n\t\t","protected":false},"excerpt":{"rendered":"<p>Dezentrales Kinderf\u00f6rdertraining und Kindertrainerfortbildung des Karateverbandes Baden-W\u00fcrttemberg KVBW Am 26.03.2022 fand in B\u00f6blingen ein dezentrales Kinderf\u00f6rdertraining mit Kindertrainerfortbildung statt. Veranstalter war der Karate-Verband Baden-W\u00fcrttemberg. Geleitet wurde diese Veranstaltung vom KVBW-Landesjugendreferenten Helmut Spitznagel. Insgesamt haben 60 Kinder (maximale Teilnehmerzahl) und etwa 20 Heimtrainer an diesem Lehrgang teilgenommen.\u00a0Von der Abteilung Kampfsport &#8211; Gruppe Shotokan Karate &#8211; waren &hellip; <\/p>\n<p class=\"link-more\"><a href=\"https:\/\/www.kampfsport-dagersheim.de\/?page_id=2344\" class=\"more-link\"><span class=\"screen-reader-text\">\u201eKVBW Kindertrainer-Fortbildung 2022\u201c <\/span>weiterlesen<\/a><\/p>\n","protected":false},"author":1,"featured_media":0,"parent":0,"menu_order":0,"comment_status":"closed","ping_status":"closed","template":"","meta":{"footnotes":""},"class_list":["post-2344","page","type-page","status-publish","hentry"],"_links":{"self":[{"href":"https:\/\/www.kampfsport-dagersheim.de\/index.php?rest_route=\/wp\/v2\/pages\/2344","targetHints":{"allow":["GET"]}}],"collection":[{"href":"https:\/\/www.kampfsport-dagersheim.de\/index.php?rest_route=\/wp\/v2\/pages"}],"about":[{"href":"https:\/\/www.kampfsport-dagersheim.de\/index.php?rest_route=\/wp\/v2\/types\/page"}],"author":[{"embeddable":true,"href":"https:\/\/www.kampfsport-dagersheim.de\/index.php?rest_route=\/wp\/v2\/users\/1"}],"replies":[{"embeddable":true,"href":"https:\/\/www.kampfsport-dagersheim.de\/index.php?rest_route=%2Fwp%2Fv2%2Fcomments&post=2344"}],"version-history":[{"count":4,"href":"https:\/\/www.kampfsport-dagersheim.de\/index.php?rest_route=\/wp\/v2\/pages\/2344\/revisions"}],"predecessor-version":[{"id":2351,"href":"https:\/\/www.kampfsport-dagersheim.de\/index.php?rest_route=\/wp\/v2\/pages\/2344\/revisions\/2351"}],"wp:attachment":[{"href":"https:\/\/www.kampfsport-dagersheim.de\/index.php?rest_route=%2Fwp%2Fv2%2Fmedia&parent=2344"}],"curies":[{"name":"wp","href":"https:\/\/api.w.org\/{rel}","templated":true}]}}