{"id":23,"date":"2019-12-08T17:37:01","date_gmt":"2019-12-08T16:37:01","guid":{"rendered":"http:\/\/www.kampfsport-dagersheim.de\/KSD\/?page_id=23"},"modified":"2022-01-28T00:47:09","modified_gmt":"2022-01-27T23:47:09","slug":"hanbo-jitsu","status":"publish","type":"page","link":"https:\/\/www.kampfsport-dagersheim.de\/?page_id=23","title":{"rendered":"Hanbo Jitsu und Kobudo"},"content":{"rendered":"\t\t<div data-elementor-type=\"wp-page\" data-elementor-id=\"23\" class=\"elementor elementor-23\">\n\t\t\t\t\t\t<section class=\"elementor-section elementor-top-section elementor-element elementor-element-2afc47c elementor-section-boxed elementor-section-height-default elementor-section-height-default\" data-id=\"2afc47c\" data-element_type=\"section\" data-e-type=\"section\">\n\t\t\t\t\t\t<div class=\"elementor-container elementor-column-gap-default\">\n\t\t\t\t\t<div class=\"elementor-column elementor-col-100 elementor-top-column elementor-element elementor-element-63045f64\" data-id=\"63045f64\" data-element_type=\"column\" data-e-type=\"column\">\n\t\t\t<div class=\"elementor-widget-wrap elementor-element-populated\">\n\t\t\t\t\t\t<div class=\"elementor-element elementor-element-5416ed79 elementor-widget elementor-widget-text-editor\" data-id=\"5416ed79\" data-element_type=\"widget\" data-e-type=\"widget\" data-widget_type=\"text-editor.default\">\n\t\t\t\t<div class=\"elementor-widget-container\">\n\t\t\t\t\t\t\t\t\t<p><strong style=\"font-size: 1rem;\">\u00a0Hanbo Jitsu<\/strong><strong><br \/><br \/><\/strong><\/p><p><span style=\"font-size: 1rem;\"><img decoding=\"async\" class=\"alignleft wp-image-1340\" src=\"https:\/\/www.kampfsport-dagersheim.de\/wp-content\/uploads\/2020\/01\/hanbo-jitsu50.jpg\" alt=\"\" width=\"50\" height=\"83\" \/>Der Stockkampf Bo-\/Hanbo Jitsu entstand zur Zeit der Samuraiepoche. Urspr\u00fcnglich entwickelt zur Verteidiung mittels des Schwertes, ohne gleich den t\u00f6dlichen Schwerthieb zu erzielen. Hanbo Jitsu ist eine Selbstverteidigungsart, bei der ein Stock mit eingesetzt wird. Der Hanbo ist ein Stock mit etwa 70-90 cm L\u00e4nge, ein Bo misst etwa 180 cm.\u00a0<\/span><\/p><p><img decoding=\"async\" class=\"wp-image-777 alignright\" src=\"https:\/\/www.kampfsport-dagersheim.de\/wp-content\/uploads\/2019\/12\/Kobudo_Tanbo-233x300-233x300-1.png\" alt=\"\" width=\"150\" height=\"193\" \/>Soke Siegfried Lory\u00a0 entwickelte das Hanbo Jitsu im IFAK. Der Hanbo bzw. Tambo kann in der realen Selbstverteidigung beispielsweise durch einen Regenschirm, Spazierstock oder auch durch eine zusammengerollte Zeitung ersetzt werden und ist dadurch auf jeden Fall alltagstauglich. Beim Hanbo Jitsu kommt gr\u00f6\u00dftenteils der Tambo (70 cm Stock) zum Einsatz. Weiterhin umfasst das Hanbo Jitsu auch Techniken mit dem Kubotan (12 cm langer Schl\u00fcsselanh\u00e4nger) und der Tonfa (Polizeistock).<\/p>\t\t\t\t\t\t\t\t<\/div>\n\t\t\t\t<\/div>\n\t\t\t\t\t<\/div>\n\t\t<\/div>\n\t\t\t\t\t<\/div>\n\t\t<\/section>\n\t\t\t\t<section class=\"elementor-section elementor-top-section elementor-element elementor-element-14782d7 elementor-section-boxed elementor-section-height-default elementor-section-height-default\" data-id=\"14782d7\" data-element_type=\"section\" data-e-type=\"section\">\n\t\t\t\t\t\t<div class=\"elementor-container elementor-column-gap-default\">\n\t\t\t\t\t<div class=\"elementor-column elementor-col-100 elementor-top-column elementor-element elementor-element-4108270\" data-id=\"4108270\" data-element_type=\"column\" data-e-type=\"column\">\n\t\t\t<div class=\"elementor-widget-wrap elementor-element-populated\">\n\t\t\t\t\t\t<div class=\"elementor-element elementor-element-5080ae0 elementor-widget elementor-widget-text-editor\" data-id=\"5080ae0\" data-element_type=\"widget\" data-e-type=\"widget\" data-widget_type=\"text-editor.default\">\n\t\t\t\t<div class=\"elementor-widget-container\">\n\t\t\t\t\t\t\t\t\t<p><strong style=\"font-size: 1rem;\">Kobukai Kobudo<\/strong><\/p><p><img decoding=\"async\" class=\"size-full wp-image-1341 alignleft\" src=\"https:\/\/www.kampfsport-dagersheim.de\/wp-content\/uploads\/2020\/01\/Kobudo-03.jpg\" alt=\"\" width=\"45\" height=\"126\" \/>Das Kobudo ist ein Sammelbegriff f\u00fcr die verschiedenen Waffensysteme, die sich im Laufe der kriegerischen Geschichte Japans entwickelt haben. Kobudo lehrt die Handhabung unterschiedlicher Arbeitsger\u00e4te, die von japanischen Bauern zur Abwehr von Angreifern wirkungsvoll eingesetzt wurden.<\/p><p><img loading=\"lazy\" decoding=\"async\" class=\"wp-image-1098 size-medium alignright\" src=\"https:\/\/www.kampfsport-dagersheim.de\/wp-content\/uploads\/2019\/12\/Kobudo-Waffen-02-300x300.jpg\" alt=\"\" width=\"300\" height=\"300\" srcset=\"https:\/\/www.kampfsport-dagersheim.de\/wp-content\/uploads\/2019\/12\/Kobudo-Waffen-02-300x300.jpg 300w, https:\/\/www.kampfsport-dagersheim.de\/wp-content\/uploads\/2019\/12\/Kobudo-Waffen-02-150x150.jpg 150w, https:\/\/www.kampfsport-dagersheim.de\/wp-content\/uploads\/2019\/12\/Kobudo-Waffen-02-768x768.jpg 768w, https:\/\/www.kampfsport-dagersheim.de\/wp-content\/uploads\/2019\/12\/Kobudo-Waffen-02-100x100.jpg 100w, https:\/\/www.kampfsport-dagersheim.de\/wp-content\/uploads\/2019\/12\/Kobudo-Waffen-02.jpg 800w\" sizes=\"(max-width: 300px) 100vw, 300px\" \/>Die Techniken des traditionellen Kobudo sind von Soke Vlado Schmidt modifiziert und an die europ\u00e4ischen Verh\u00e4ltnisse und Bed\u00fcrfnisse angepasst worden. Verstaubte, alte Techniken wurden an das Angriffsverhalten unserer Zeit angepasst und f\u00fcr den Bedarf verschiedenster Berufsgruppen von allen unn\u00f6tigen Schn\u00f6rkeln befreit. Somit entstand ein modernes, h\u00f6chst effizientes Kampfsystem, welches mit seinen kurzen Techniken auf Funktionalit\u00e4t, Effektivit\u00e4t und schnelle Erlernbarkeit aufgebaut ist.<\/p><p><span style=\"font-size: 1rem;\">Die Ausbildung im Kobukai Kobudo erfolgt an verschiedenen Waffen, die in vier Hauptgruppen zusammengefasst werden:<\/span><\/p><ul><li style=\"list-style-type: none;\"><ul><li><span style=\"font-size: 1rem;\">Stockwaffen (Bo, Hanbo, Tambo, Kashino Bo)<\/span><\/li><li><span style=\"font-size: 1rem;\">Klingenwaffen (Tanto)<\/span><\/li><li><span style=\"font-size: 1rem;\">W\u00fcrgewaffen ( Manriki-Gusari)<\/span><\/li><li><span style=\"font-size: 1rem;\">Kombinationswaffen (Tonfa, Nunchaku, Kette und Messer, etc.)<\/span><\/li><\/ul><\/li><\/ul><div><span style=\"color: #808080;\"><em>(Quelle: www.ikf-kobudo.org)<\/em><\/span><\/div><div>\u00a0<\/div><div>\u00a0<\/div><div>\u00a0<\/div>\t\t\t\t\t\t\t\t<\/div>\n\t\t\t\t<\/div>\n\t\t\t\t\t<\/div>\n\t\t<\/div>\n\t\t\t\t\t<\/div>\n\t\t<\/section>\n\t\t\t\t<section class=\"elementor-section elementor-top-section elementor-element elementor-element-3b38c35 elementor-section-boxed elementor-section-height-default elementor-section-height-default\" data-id=\"3b38c35\" data-element_type=\"section\" data-e-type=\"section\">\n\t\t\t\t\t\t<div class=\"elementor-container elementor-column-gap-default\">\n\t\t\t\t\t<div class=\"elementor-column elementor-col-100 elementor-top-column elementor-element elementor-element-ab69805\" data-id=\"ab69805\" data-element_type=\"column\" data-e-type=\"column\">\n\t\t\t<div class=\"elementor-widget-wrap elementor-element-populated\">\n\t\t\t\t\t\t<div class=\"elementor-element elementor-element-af40d67 elementor-widget elementor-widget-text-editor\" data-id=\"af40d67\" data-element_type=\"widget\" data-e-type=\"widget\" data-widget_type=\"text-editor.default\">\n\t\t\t\t<div class=\"elementor-widget-container\">\n\t\t\t\t\t\t\t\t\t<p><strong>Bojutsu \/ Sutekki Ryu<\/strong><\/p><p><img loading=\"lazy\" decoding=\"async\" class=\"size-full wp-image-1342 alignleft\" src=\"https:\/\/www.kampfsport-dagersheim.de\/wp-content\/uploads\/2020\/01\/Sutekki-Ryu150.jpg\" alt=\"\" width=\"47\" height=\"150\" \/>Das Bojutsu bzw. Sutekki Ryu ist ein Teil des Kobudo. Hier kommt ausschlie\u00dflich der Hanbo (90cm Stock) bzw. die Kr\u00fccke\/Spazierstock zum Einsatz. Die Techniken basieren wie beim Kobukai Kobudo auf modifizierten Techniken von Soke Vlado Schmidt.\u00a0<\/p><p><img loading=\"lazy\" decoding=\"async\" class=\"alignright wp-image-1097\" src=\"https:\/\/www.kampfsport-dagersheim.de\/wp-content\/uploads\/2019\/12\/Hanbo-und-Kruecke-grau-132x300.jpg\" alt=\"\" width=\"88\" height=\"200\" srcset=\"https:\/\/www.kampfsport-dagersheim.de\/wp-content\/uploads\/2019\/12\/Hanbo-und-Kruecke-grau-132x300.jpg 132w, https:\/\/www.kampfsport-dagersheim.de\/wp-content\/uploads\/2019\/12\/Hanbo-und-Kruecke-grau.jpg 258w\" sizes=\"(max-width: 88px) 100vw, 88px\" \/><\/p>\t\t\t\t\t\t\t\t<\/div>\n\t\t\t\t<\/div>\n\t\t\t\t\t<\/div>\n\t\t<\/div>\n\t\t\t\t\t<\/div>\n\t\t<\/section>\n\t\t\t\t<\/div>\n\t\t","protected":false},"excerpt":{"rendered":"<p>\u00a0Hanbo Jitsu Der Stockkampf Bo-\/Hanbo Jitsu entstand zur Zeit der Samuraiepoche. Urspr\u00fcnglich entwickelt zur Verteidiung mittels des Schwertes, ohne gleich den t\u00f6dlichen Schwerthieb zu erzielen. Hanbo Jitsu ist eine Selbstverteidigungsart, bei der ein Stock mit eingesetzt wird. Der Hanbo ist ein Stock mit etwa 70-90 cm L\u00e4nge, ein Bo misst etwa 180 cm.\u00a0 Soke Siegfried &hellip; <\/p>\n<p class=\"link-more\"><a href=\"https:\/\/www.kampfsport-dagersheim.de\/?page_id=23\" class=\"more-link\"><span class=\"screen-reader-text\">\u201eHanbo Jitsu und Kobudo\u201c <\/span>weiterlesen<\/a><\/p>\n","protected":false},"author":1,"featured_media":0,"parent":0,"menu_order":0,"comment_status":"closed","ping_status":"closed","template":"","meta":{"footnotes":""},"class_list":["post-23","page","type-page","status-publish","hentry"],"_links":{"self":[{"href":"https:\/\/www.kampfsport-dagersheim.de\/index.php?rest_route=\/wp\/v2\/pages\/23","targetHints":{"allow":["GET"]}}],"collection":[{"href":"https:\/\/www.kampfsport-dagersheim.de\/index.php?rest_route=\/wp\/v2\/pages"}],"about":[{"href":"https:\/\/www.kampfsport-dagersheim.de\/index.php?rest_route=\/wp\/v2\/types\/page"}],"author":[{"embeddable":true,"href":"https:\/\/www.kampfsport-dagersheim.de\/index.php?rest_route=\/wp\/v2\/users\/1"}],"replies":[{"embeddable":true,"href":"https:\/\/www.kampfsport-dagersheim.de\/index.php?rest_route=%2Fwp%2Fv2%2Fcomments&post=23"}],"version-history":[{"count":34,"href":"https:\/\/www.kampfsport-dagersheim.de\/index.php?rest_route=\/wp\/v2\/pages\/23\/revisions"}],"predecessor-version":[{"id":2161,"href":"https:\/\/www.kampfsport-dagersheim.de\/index.php?rest_route=\/wp\/v2\/pages\/23\/revisions\/2161"}],"wp:attachment":[{"href":"https:\/\/www.kampfsport-dagersheim.de\/index.php?rest_route=%2Fwp%2Fv2%2Fmedia&parent=23"}],"curies":[{"name":"wp","href":"https:\/\/api.w.org\/{rel}","templated":true}]}}