{"id":2287,"date":"2022-04-10T20:31:03","date_gmt":"2022-04-10T18:31:03","guid":{"rendered":"http:\/\/www.kampfsport-dagersheim.de\/?page_id=2287"},"modified":"2022-04-10T20:48:58","modified_gmt":"2022-04-10T18:48:58","slug":"jubilaeumslehrgang-soke-siegfried-lory-und-auszeichnung-fuer-matthias-weiss","status":"publish","type":"page","link":"https:\/\/www.kampfsport-dagersheim.de\/?page_id=2287","title":{"rendered":"Jubil\u00e4umslehrgang Soke Siegfried Lory und Auszeichnung f\u00fcr Matthias Weiss"},"content":{"rendered":"\t\t<div data-elementor-type=\"wp-page\" data-elementor-id=\"2287\" class=\"elementor elementor-2287\">\n\t\t\t\t\t\t<section class=\"elementor-section elementor-top-section elementor-element elementor-element-4ea5ba1a elementor-section-boxed elementor-section-height-default elementor-section-height-default\" data-id=\"4ea5ba1a\" data-element_type=\"section\" data-e-type=\"section\">\n\t\t\t\t\t\t<div class=\"elementor-container elementor-column-gap-default\">\n\t\t\t\t\t<div class=\"elementor-column elementor-col-100 elementor-top-column elementor-element elementor-element-70cfc7e4\" data-id=\"70cfc7e4\" data-element_type=\"column\" data-e-type=\"column\">\n\t\t\t<div class=\"elementor-widget-wrap elementor-element-populated\">\n\t\t\t\t\t\t<div class=\"elementor-element elementor-element-1bb1c626 elementor-widget elementor-widget-text-editor\" data-id=\"1bb1c626\" data-element_type=\"widget\" data-e-type=\"widget\" data-widget_type=\"text-editor.default\">\n\t\t\t\t<div class=\"elementor-widget-container\">\n\t\t\t\t\t\t\t\t\t<p><strong>\u00a0Jubil\u00e4umslehrgang RSP \u201e60 Jahre Budosport\u201c Soke Siegfried Lory und neue Graduierung f\u00fcr Matthias Weiss<\/strong><\/p><p>Am 9. April 2022 konnte nach langer Zeit wieder ein Lehrgang des Internationalen Fachverbandes f\u00fcr asiatische Kampfsportarten IFAK stattfinden. Der Lehrgang fand anl\u00e4sslich des 60-j\u00e4hrigen Budosport-Jubil\u00e4ums von IFAK Pr\u00e4sident Soke Siegfried Lory statt. Die Teilnehmer reisten nicht nur aus Deutschland, sondern auch aus Ungarn und der Slowakei an.<\/p><p>Es wurden verschiedene Bereiche aus dem RSP, Realistische Selbstverteidigung f\u00fcr die Praxis, unterrichtet. Dieses Selbstverteidigungssystem wurde von Soke Siegfried Lory entwickelt und basiert auf kurzen, effektiven Techniken f\u00fcr die Selbstverteidigung. Es wurden an diesem Lehrgang Hebeltechniken, Verteidigung gegen Kontakt,- Stock,- und Me<span style=\"color: var( --e-global-color-text ); font-family: var( --e-global-typography-text-font-family ), Sans-serif; font-weight: var( --e-global-typography-text-font-weight ); font-size: 1rem;\">sserangriffe, Pistolenbed<\/span><span style=\"color: var( --e-global-color-text ); font-family: var( --e-global-typography-text-font-family ), Sans-serif; font-size: 1rem; font-weight: var( --e-global-typography-text-font-weight );\">rohung sowie die Abwehr in der Bodenlage gegen stehende Angreifer unterrichtet.<\/span><\/p><p>Im Anschluss an den Lehrgang fanden einige Ehrungen statt. Dabei erhielt Matthias Weiss f\u00fcr die Kampfsport Abteilung des TSV Dagersheim eine Auszeichnung f\u00fcr einen der mitgliederst\u00e4<span style=\"color: var( --e-global-color-text ); font-family: var( --e-global-typography-text-font-family ), Sans-serif; font-weight: var( --e-global-typography-text-font-weight ); font-size: 1rem;\">rksten Vereine im IFAK.<\/span><\/p><p><img fetchpriority=\"high\" decoding=\"async\" class=\"size-medium wp-image-2290 alignright\" style=\"color: var( --e-global-color-text ); font-family: var( --e-global-typography-text-font-family ), Sans-serif; font-weight: var( --e-global-typography-text-font-weight ); font-size: 1rem;\" src=\"https:\/\/www.kampfsport-dagersheim.de\/wp-content\/uploads\/2022\/04\/9Dan-01-284x300.jpg\" alt=\"\" width=\"284\" height=\"300\" srcset=\"https:\/\/www.kampfsport-dagersheim.de\/wp-content\/uploads\/2022\/04\/9Dan-01-284x300.jpg 284w, https:\/\/www.kampfsport-dagersheim.de\/wp-content\/uploads\/2022\/04\/9Dan-01-971x1024.jpg 971w, https:\/\/www.kampfsport-dagersheim.de\/wp-content\/uploads\/2022\/04\/9Dan-01-768x810.jpg 768w, https:\/\/www.kampfsport-dagersheim.de\/wp-content\/uploads\/2022\/04\/9Dan-01-1456x1536.jpg 1456w, https:\/\/www.kampfsport-dagersheim.de\/wp-content\/uploads\/2022\/04\/9Dan-01-1941x2048.jpg 1941w\" sizes=\"(max-width: 284px) 100vw, 284px\" \/><\/p><p>\u00a0<\/p><p><img decoding=\"async\" class=\"size-medium wp-image-2291 alignright\" style=\"color: var( --e-global-color-text ); font-family: var( --e-global-typography-text-font-family ), Sans-serif; font-size: 1rem; font-weight: var( --e-global-typography-text-font-weight );\" src=\"https:\/\/www.kampfsport-dagersheim.de\/wp-content\/uploads\/2022\/04\/Hanshi-Urkunde-300x212.jpg\" alt=\"\" width=\"300\" height=\"212\" srcset=\"https:\/\/www.kampfsport-dagersheim.de\/wp-content\/uploads\/2022\/04\/Hanshi-Urkunde-300x212.jpg 300w, https:\/\/www.kampfsport-dagersheim.de\/wp-content\/uploads\/2022\/04\/Hanshi-Urkunde-1024x724.jpg 1024w, https:\/\/www.kampfsport-dagersheim.de\/wp-content\/uploads\/2022\/04\/Hanshi-Urkunde-768x543.jpg 768w, https:\/\/www.kampfsport-dagersheim.de\/wp-content\/uploads\/2022\/04\/Hanshi-Urkunde.jpg 1065w\" sizes=\"(max-width: 300px) 100vw, 300px\" \/><\/p><p>Eine besondere Ehre f\u00fcr<span style=\"color: var( --e-global-color-text ); font-family: var( --e-global-typography-text-font-family ), Sans-serif; font-weight: var( --e-global-typography-text-font-weight ); font-size: 1rem;\"> Abteilungsleiter Matth<\/span><span style=\"color: var( --e-global-color-text ); font-family: var( --e-global-typography-text-font-family ), Sans-serif; font-weight: var( --e-global-typography-text-font-weight ); font-size: 1rem;\">ias Wei<\/span><span style=\"color: var( --e-global-color-text ); font-family: var( --e-global-typography-text-font-family ), Sans-serif; font-weight: var( --e-global-typography-text-font-weight ); font-size: 1rem;\">ss war die Verleihung des 9. Dan Goshin Jitsu und des neuen Ehrentitels Hanshi. W\u00f6rtlich bedeutet Hanshi vorbild<\/span><span style=\"color: var( --e-global-color-text ); font-family: var( --e-global-typography-text-font-family ), Sans-serif; font-weight: var( --e-global-typography-text-font-weight ); font-size: 1rem;\">licher, modellhafter Gelehrter. Damit ist Matthias Weiss nun Tr\u00e4ger des roten G\u00fcrtels, der h\u00f6chsten G\u00fcrtelfarbe in der japanischen Kampfkunst.<\/span><\/p>\t\t\t\t\t\t\t\t<\/div>\n\t\t\t\t<\/div>\n\t\t\t\t\t<\/div>\n\t\t<\/div>\n\t\t\t\t\t<\/div>\n\t\t<\/section>\n\t\t\t\t<section class=\"elementor-section elementor-top-section elementor-element elementor-element-4afb158 elementor-section-boxed elementor-section-height-default elementor-section-height-default\" data-id=\"4afb158\" data-element_type=\"section\" data-e-type=\"section\">\n\t\t\t\t\t\t<div class=\"elementor-container elementor-column-gap-default\">\n\t\t\t\t\t<div class=\"elementor-column elementor-col-100 elementor-top-column elementor-element elementor-element-a03f0af\" data-id=\"a03f0af\" data-element_type=\"column\" data-e-type=\"column\">\n\t\t\t<div class=\"elementor-widget-wrap elementor-element-populated\">\n\t\t\t\t\t\t<div class=\"elementor-element elementor-element-42496f5 elementor-widget elementor-widget-image\" data-id=\"42496f5\" data-element_type=\"widget\" data-e-type=\"widget\" data-widget_type=\"image.default\">\n\t\t\t\t<div class=\"elementor-widget-container\">\n\t\t\t\t\t\t\t\t\t\t\t\t<figure class=\"wp-caption\">\n\t\t\t\t\t\t\t\t\t\t\t<a href=\"https:\/\/www.kampfsport-dagersheim.de\/wp-content\/uploads\/2022\/04\/Gruppenbild-60Jahre-9Apr2022-scaled.jpg\" data-elementor-open-lightbox=\"yes\" data-elementor-lightbox-title=\"Gruppenbild-60Jahre-9Apr2022\" data-e-action-hash=\"#elementor-action%3Aaction%3Dlightbox%26settings%3DeyJpZCI6MjI4OSwidXJsIjoiaHR0cHM6XC9cL3d3dy5rYW1wZnNwb3J0LWRhZ2Vyc2hlaW0uZGVcL3dwLWNvbnRlbnRcL3VwbG9hZHNcLzIwMjJcLzA0XC9HcnVwcGVuYmlsZC02MEphaHJlLTlBcHIyMDIyLXNjYWxlZC5qcGcifQ%3D%3D\">\n\t\t\t\t\t\t\t<img decoding=\"async\" width=\"740\" height=\"320\" src=\"https:\/\/www.kampfsport-dagersheim.de\/wp-content\/uploads\/2022\/04\/Gruppenbild-60Jahre-9Apr2022-1024x443.jpg\" class=\"attachment-large size-large wp-image-2289\" alt=\"\" srcset=\"https:\/\/www.kampfsport-dagersheim.de\/wp-content\/uploads\/2022\/04\/Gruppenbild-60Jahre-9Apr2022-1024x443.jpg 1024w, https:\/\/www.kampfsport-dagersheim.de\/wp-content\/uploads\/2022\/04\/Gruppenbild-60Jahre-9Apr2022-300x130.jpg 300w, https:\/\/www.kampfsport-dagersheim.de\/wp-content\/uploads\/2022\/04\/Gruppenbild-60Jahre-9Apr2022-768x332.jpg 768w, https:\/\/www.kampfsport-dagersheim.de\/wp-content\/uploads\/2022\/04\/Gruppenbild-60Jahre-9Apr2022-1536x665.jpg 1536w, https:\/\/www.kampfsport-dagersheim.de\/wp-content\/uploads\/2022\/04\/Gruppenbild-60Jahre-9Apr2022-2048x886.jpg 2048w\" sizes=\"100vw\" \/>\t\t\t\t\t\t\t\t<\/a>\n\t\t\t\t\t\t\t\t\t\t\t<figcaption class=\"widget-image-caption wp-caption-text\">Jubil\u00e4umslehrgang RSP \"60 Jahre Budosport\" Soke Siegfried Lory in M\u00fcnchen, 9. April 2022<\/figcaption>\n\t\t\t\t\t\t\t\t\t\t<\/figure>\n\t\t\t\t\t\t\t\t\t<\/div>\n\t\t\t\t<\/div>\n\t\t\t\t\t<\/div>\n\t\t<\/div>\n\t\t\t\t\t<\/div>\n\t\t<\/section>\n\t\t\t\t<\/div>\n\t\t","protected":false},"excerpt":{"rendered":"<p>\u00a0Jubil\u00e4umslehrgang RSP \u201e60 Jahre Budosport\u201c Soke Siegfried Lory und neue Graduierung f\u00fcr Matthias Weiss Am 9. April 2022 konnte nach langer Zeit wieder ein Lehrgang des Internationalen Fachverbandes f\u00fcr asiatische Kampfsportarten IFAK stattfinden. Der Lehrgang fand anl\u00e4sslich des 60-j\u00e4hrigen Budosport-Jubil\u00e4ums von IFAK Pr\u00e4sident Soke Siegfried Lory statt. Die Teilnehmer reisten nicht nur aus Deutschland, sondern &hellip; <\/p>\n<p class=\"link-more\"><a href=\"https:\/\/www.kampfsport-dagersheim.de\/?page_id=2287\" class=\"more-link\"><span class=\"screen-reader-text\">\u201eJubil\u00e4umslehrgang Soke Siegfried Lory und Auszeichnung f\u00fcr Matthias Weiss\u201c <\/span>weiterlesen<\/a><\/p>\n","protected":false},"author":1,"featured_media":0,"parent":0,"menu_order":0,"comment_status":"closed","ping_status":"closed","template":"","meta":{"footnotes":""},"class_list":["post-2287","page","type-page","status-publish","hentry"],"_links":{"self":[{"href":"https:\/\/www.kampfsport-dagersheim.de\/index.php?rest_route=\/wp\/v2\/pages\/2287","targetHints":{"allow":["GET"]}}],"collection":[{"href":"https:\/\/www.kampfsport-dagersheim.de\/index.php?rest_route=\/wp\/v2\/pages"}],"about":[{"href":"https:\/\/www.kampfsport-dagersheim.de\/index.php?rest_route=\/wp\/v2\/types\/page"}],"author":[{"embeddable":true,"href":"https:\/\/www.kampfsport-dagersheim.de\/index.php?rest_route=\/wp\/v2\/users\/1"}],"replies":[{"embeddable":true,"href":"https:\/\/www.kampfsport-dagersheim.de\/index.php?rest_route=%2Fwp%2Fv2%2Fcomments&post=2287"}],"version-history":[{"count":5,"href":"https:\/\/www.kampfsport-dagersheim.de\/index.php?rest_route=\/wp\/v2\/pages\/2287\/revisions"}],"predecessor-version":[{"id":2297,"href":"https:\/\/www.kampfsport-dagersheim.de\/index.php?rest_route=\/wp\/v2\/pages\/2287\/revisions\/2297"}],"wp:attachment":[{"href":"https:\/\/www.kampfsport-dagersheim.de\/index.php?rest_route=%2Fwp%2Fv2%2Fmedia&parent=2287"}],"curies":[{"name":"wp","href":"https:\/\/api.w.org\/{rel}","templated":true}]}}