{"id":2252,"date":"2022-02-27T18:41:26","date_gmt":"2022-02-27T17:41:26","guid":{"rendered":"http:\/\/www.kampfsport-dagersheim.de\/?page_id=2252"},"modified":"2022-02-27T18:49:50","modified_gmt":"2022-02-27T17:49:50","slug":"ldk-ju-jutsu-techniklehrgang-19-20-feb-2022","status":"publish","type":"page","link":"https:\/\/www.kampfsport-dagersheim.de\/?page_id=2252","title":{"rendered":"LDK Ju Jutsu Techniklehrgang 19.\/20. Feb 2022"},"content":{"rendered":"\t\t<div data-elementor-type=\"wp-page\" data-elementor-id=\"2252\" class=\"elementor elementor-2252\">\n\t\t\t\t\t\t<section class=\"elementor-section elementor-top-section elementor-element elementor-element-f3c3c98 elementor-section-boxed elementor-section-height-default elementor-section-height-default\" data-id=\"f3c3c98\" data-element_type=\"section\" data-e-type=\"section\">\n\t\t\t\t\t\t<div class=\"elementor-container elementor-column-gap-default\">\n\t\t\t\t\t<div class=\"elementor-column elementor-col-66 elementor-top-column elementor-element elementor-element-aa02718\" data-id=\"aa02718\" data-element_type=\"column\" data-e-type=\"column\">\n\t\t\t<div class=\"elementor-widget-wrap elementor-element-populated\">\n\t\t\t\t\t\t<div class=\"elementor-element elementor-element-04c4aa9 elementor-widget elementor-widget-text-editor\" data-id=\"04c4aa9\" data-element_type=\"widget\" data-e-type=\"widget\" data-widget_type=\"text-editor.default\">\n\t\t\t\t<div class=\"elementor-widget-container\">\n\t\t\t\t\t\t\t\t\t<p><strong>Ju Jutsu Technik-Lehrgang des Landes-Dan-Kollegiums LDK in Stuttgart\/Rohr<\/strong><\/p><p>Am Wochenende 19.\/20. Februar 2022 fand in Stuttgart Rohr ein Ju Jutsu Technik-Lehrgang mit Shihan Danimir Cerkez. 7. Dan Ju Jutsu statt. Hier nahmen auch einige Mitglieder unserer Abteilung Kampfsport teil.<\/p><p>Am Samstag stand das Training unter dem Thema Mehrkampf auf dem Programm. Hierbei wird die Verteidigung gegen zwei oder mehrere Angreifer trainiert. Der Mehrkampf ist Teil des Dan-Pr\u00fcfungsprogrammes. Am Sonntag wurden Weiterf\u00fchrungstechniken trainiert. Auch hier hatte Danimir ein breites Programm an verschiedenen Angriffssituationen und Weiterf\u00fchrungstechniken vorbereitet.<\/p><p>Auf weitere Lehrg\u00e4nge des LDK werden wir auf unserer Homepage hinweisen. Wir freuen uns schon auf den n\u00e4chsten Lehrgang.<\/p>\t\t\t\t\t\t\t\t<\/div>\n\t\t\t\t<\/div>\n\t\t\t\t\t<\/div>\n\t\t<\/div>\n\t\t\t\t<div class=\"elementor-column elementor-col-33 elementor-top-column elementor-element elementor-element-e140ed7\" data-id=\"e140ed7\" data-element_type=\"column\" data-e-type=\"column\">\n\t\t\t<div class=\"elementor-widget-wrap elementor-element-populated\">\n\t\t\t\t\t\t<div class=\"elementor-element elementor-element-5e3c017 elementor-widget elementor-widget-image\" data-id=\"5e3c017\" data-element_type=\"widget\" data-e-type=\"widget\" data-widget_type=\"image.default\">\n\t\t\t\t<div class=\"elementor-widget-container\">\n\t\t\t\t\t\t\t\t\t\t\t\t\t\t\t<img fetchpriority=\"high\" decoding=\"async\" width=\"358\" height=\"355\" src=\"https:\/\/www.kampfsport-dagersheim.de\/wp-content\/uploads\/2019\/12\/LDK.jpg\" class=\"attachment-large size-large wp-image-403\" alt=\"\" srcset=\"https:\/\/www.kampfsport-dagersheim.de\/wp-content\/uploads\/2019\/12\/LDK.jpg 358w, https:\/\/www.kampfsport-dagersheim.de\/wp-content\/uploads\/2019\/12\/LDK-300x297.jpg 300w, https:\/\/www.kampfsport-dagersheim.de\/wp-content\/uploads\/2019\/12\/LDK-150x150.jpg 150w, https:\/\/www.kampfsport-dagersheim.de\/wp-content\/uploads\/2019\/12\/LDK-100x100.jpg 100w\" sizes=\"100vw\" \/>\t\t\t\t\t\t\t\t\t\t\t\t\t\t\t<\/div>\n\t\t\t\t<\/div>\n\t\t\t\t\t<\/div>\n\t\t<\/div>\n\t\t\t\t\t<\/div>\n\t\t<\/section>\n\t\t\t\t<section class=\"elementor-section elementor-top-section elementor-element elementor-element-7fcb45b elementor-section-boxed elementor-section-height-default elementor-section-height-default\" data-id=\"7fcb45b\" data-element_type=\"section\" data-e-type=\"section\">\n\t\t\t\t\t\t<div class=\"elementor-container elementor-column-gap-default\">\n\t\t\t\t\t<div class=\"elementor-column elementor-col-100 elementor-top-column elementor-element elementor-element-d963852\" data-id=\"d963852\" data-element_type=\"column\" data-e-type=\"column\">\n\t\t\t<div class=\"elementor-widget-wrap elementor-element-populated\">\n\t\t\t\t\t\t<div class=\"elementor-element elementor-element-57c979e elementor-widget elementor-widget-image\" data-id=\"57c979e\" data-element_type=\"widget\" data-e-type=\"widget\" data-widget_type=\"image.default\">\n\t\t\t\t<div class=\"elementor-widget-container\">\n\t\t\t\t\t\t\t\t\t\t\t\t\t\t\t<img decoding=\"async\" width=\"740\" height=\"430\" src=\"https:\/\/www.kampfsport-dagersheim.de\/wp-content\/uploads\/2022\/02\/IMG_20220219_185840-Grp-1024x595.jpg\" class=\"attachment-large size-large wp-image-2254\" alt=\"\" srcset=\"https:\/\/www.kampfsport-dagersheim.de\/wp-content\/uploads\/2022\/02\/IMG_20220219_185840-Grp-1024x595.jpg 1024w, https:\/\/www.kampfsport-dagersheim.de\/wp-content\/uploads\/2022\/02\/IMG_20220219_185840-Grp-300x174.jpg 300w, https:\/\/www.kampfsport-dagersheim.de\/wp-content\/uploads\/2022\/02\/IMG_20220219_185840-Grp-768x446.jpg 768w, https:\/\/www.kampfsport-dagersheim.de\/wp-content\/uploads\/2022\/02\/IMG_20220219_185840-Grp-1536x892.jpg 1536w, https:\/\/www.kampfsport-dagersheim.de\/wp-content\/uploads\/2022\/02\/IMG_20220219_185840-Grp-2048x1190.jpg 2048w\" sizes=\"100vw\" \/>\t\t\t\t\t\t\t\t\t\t\t\t\t\t\t<\/div>\n\t\t\t\t<\/div>\n\t\t\t\t\t<\/div>\n\t\t<\/div>\n\t\t\t\t\t<\/div>\n\t\t<\/section>\n\t\t\t\t<\/div>\n\t\t","protected":false},"excerpt":{"rendered":"<p>Ju Jutsu Technik-Lehrgang des Landes-Dan-Kollegiums LDK in Stuttgart\/Rohr Am Wochenende 19.\/20. Februar 2022 fand in Stuttgart Rohr ein Ju Jutsu Technik-Lehrgang mit Shihan Danimir Cerkez. 7. Dan Ju Jutsu statt. Hier nahmen auch einige Mitglieder unserer Abteilung Kampfsport teil. Am Samstag stand das Training unter dem Thema Mehrkampf auf dem Programm. Hierbei wird die Verteidigung &hellip; <\/p>\n<p class=\"link-more\"><a href=\"https:\/\/www.kampfsport-dagersheim.de\/?page_id=2252\" class=\"more-link\"><span class=\"screen-reader-text\">\u201eLDK Ju Jutsu Techniklehrgang 19.\/20. Feb 2022\u201c <\/span>weiterlesen<\/a><\/p>\n","protected":false},"author":1,"featured_media":0,"parent":0,"menu_order":0,"comment_status":"closed","ping_status":"closed","template":"","meta":{"footnotes":""},"class_list":["post-2252","page","type-page","status-publish","hentry"],"_links":{"self":[{"href":"https:\/\/www.kampfsport-dagersheim.de\/index.php?rest_route=\/wp\/v2\/pages\/2252","targetHints":{"allow":["GET"]}}],"collection":[{"href":"https:\/\/www.kampfsport-dagersheim.de\/index.php?rest_route=\/wp\/v2\/pages"}],"about":[{"href":"https:\/\/www.kampfsport-dagersheim.de\/index.php?rest_route=\/wp\/v2\/types\/page"}],"author":[{"embeddable":true,"href":"https:\/\/www.kampfsport-dagersheim.de\/index.php?rest_route=\/wp\/v2\/users\/1"}],"replies":[{"embeddable":true,"href":"https:\/\/www.kampfsport-dagersheim.de\/index.php?rest_route=%2Fwp%2Fv2%2Fcomments&post=2252"}],"version-history":[{"count":8,"href":"https:\/\/www.kampfsport-dagersheim.de\/index.php?rest_route=\/wp\/v2\/pages\/2252\/revisions"}],"predecessor-version":[{"id":2266,"href":"https:\/\/www.kampfsport-dagersheim.de\/index.php?rest_route=\/wp\/v2\/pages\/2252\/revisions\/2266"}],"wp:attachment":[{"href":"https:\/\/www.kampfsport-dagersheim.de\/index.php?rest_route=%2Fwp%2Fv2%2Fmedia&parent=2252"}],"curies":[{"name":"wp","href":"https:\/\/api.w.org\/{rel}","templated":true}]}}