{"id":2123,"date":"2022-01-23T22:12:00","date_gmt":"2022-01-23T21:12:00","guid":{"rendered":"http:\/\/www.kampfsport-dagersheim.de\/?page_id=2123"},"modified":"2022-01-23T22:25:35","modified_gmt":"2022-01-23T21:25:35","slug":"ikf-seminar-jujutsu-trifft-kobudo-15-16-januar-2022","status":"publish","type":"page","link":"https:\/\/www.kampfsport-dagersheim.de\/?page_id=2123","title":{"rendered":"IKF Seminar &#8222;Jujutsu trifft Kobudo&#8220; 15.-16. Januar 2022"},"content":{"rendered":"\t\t<div data-elementor-type=\"wp-page\" data-elementor-id=\"2123\" class=\"elementor elementor-2123\">\n\t\t\t\t\t\t<section class=\"elementor-section elementor-top-section elementor-element elementor-element-f159ff8 elementor-section-boxed elementor-section-height-default elementor-section-height-default\" data-id=\"f159ff8\" data-element_type=\"section\" data-e-type=\"section\">\n\t\t\t\t\t\t<div class=\"elementor-container elementor-column-gap-default\">\n\t\t\t\t\t<div class=\"elementor-column elementor-col-66 elementor-top-column elementor-element elementor-element-309a6c0\" data-id=\"309a6c0\" data-element_type=\"column\" data-e-type=\"column\">\n\t\t\t<div class=\"elementor-widget-wrap elementor-element-populated\">\n\t\t\t\t\t\t<div class=\"elementor-element elementor-element-43c1f4a elementor-widget elementor-widget-text-editor\" data-id=\"43c1f4a\" data-element_type=\"widget\" data-e-type=\"widget\" data-widget_type=\"text-editor.default\">\n\t\t\t\t<div class=\"elementor-widget-container\">\n\t\t\t\t\t\t\t\t\t<p><strong>Internationaler IKF Lehrgang \u201eJujutsu trifft Kobudo\u201c mit G\u00fcnter Painter<\/strong><\/p><p>Am 15. &#8211; 16. Januar fand in Feistritz im Rosental\/K\u00e4rnten der erste Lehrgang der Internationalen Kobudo Federation IKF in 2022 statt. Der Lehrgang mit IKF-Pr\u00e4sident Soke, Shihan G\u00fcnter Painter 9. Dan stand unter dem Motto \u201eJujutsu trifft Kobudo\u201c. Hierzu kamen Teilnehmer aus ganz \u00d6sterreich, Deutschland, Finnland, Slowenien und der Slowakei nach K\u00e4rnten.<\/p><p>G\u00fcnter Painter zeigte Techniken, die sowohl im waffenlosen Jujustu als auch im Kobudo mit verschiedenen Waffen Anwendung finden. Somit wurde verdeutlicht, wie die Techniken in allen Bereichen angewandt werden. Hierbei hatte G\u00fcnter Painter Kombinationen f\u00fcr unterschiedliche Angriffssituationen vorbereitet. Jeweils zum einen die waffenlose Abwehr und zum anderen die Abwehr mit dem Kurzstock und mit Doppelstocktechniken.<\/p><p>Damit hatte die IKF das Jahr 2022 mit einem sehr vielf\u00e4ltigen und interessanten Lehrgang f\u00fcr alle Teilnehmer er\u00f6ffnet. Vielen Dank f\u00fcr die Organisation und Ausrichtung. Sch\u00f6n, dass der Lehrgang unter den aktuellen Auflagen stattfinden konnte und wir hoffen, dass noch weitere in diesem Jahr folgen werden.\u00a0<\/p>\t\t\t\t\t\t\t\t<\/div>\n\t\t\t\t<\/div>\n\t\t\t\t\t<\/div>\n\t\t<\/div>\n\t\t\t\t<div class=\"elementor-column elementor-col-33 elementor-top-column elementor-element elementor-element-24a525c\" data-id=\"24a525c\" data-element_type=\"column\" data-e-type=\"column\">\n\t\t\t<div class=\"elementor-widget-wrap elementor-element-populated\">\n\t\t\t\t\t\t<div class=\"elementor-element elementor-element-55a70c6 elementor-widget elementor-widget-image\" data-id=\"55a70c6\" data-element_type=\"widget\" data-e-type=\"widget\" data-widget_type=\"image.default\">\n\t\t\t\t<div class=\"elementor-widget-container\">\n\t\t\t\t\t\t\t\t\t\t\t\t\t\t\t<img decoding=\"async\" width=\"200\" height=\"200\" src=\"https:\/\/www.kampfsport-dagersheim.de\/wp-content\/uploads\/2019\/12\/ikf_logo.gif\" class=\"attachment-large size-large wp-image-401\" alt=\"\" sizes=\"100vw\" \/>\t\t\t\t\t\t\t\t\t\t\t\t\t\t\t<\/div>\n\t\t\t\t<\/div>\n\t\t\t\t\t<\/div>\n\t\t<\/div>\n\t\t\t\t\t<\/div>\n\t\t<\/section>\n\t\t\t\t<section class=\"elementor-section elementor-top-section elementor-element elementor-element-b4d782f elementor-section-boxed elementor-section-height-default elementor-section-height-default\" data-id=\"b4d782f\" data-element_type=\"section\" data-e-type=\"section\">\n\t\t\t\t\t\t<div class=\"elementor-container elementor-column-gap-default\">\n\t\t\t\t\t<div class=\"elementor-column elementor-col-50 elementor-top-column elementor-element elementor-element-5c5377b\" data-id=\"5c5377b\" data-element_type=\"column\" data-e-type=\"column\">\n\t\t\t<div class=\"elementor-widget-wrap elementor-element-populated\">\n\t\t\t\t\t\t<div class=\"elementor-element elementor-element-63025ec elementor-widget elementor-widget-image\" data-id=\"63025ec\" data-element_type=\"widget\" data-e-type=\"widget\" data-widget_type=\"image.default\">\n\t\t\t\t<div class=\"elementor-widget-container\">\n\t\t\t\t\t\t\t\t\t\t\t\t\t\t\t\t<a href=\"https:\/\/www.kampfsport-dagersheim.de\/wp-content\/uploads\/2022\/01\/DSC07269.jpg\" data-elementor-open-lightbox=\"yes\" data-elementor-lightbox-title=\"SONY DSC\" data-e-action-hash=\"#elementor-action%3Aaction%3Dlightbox%26settings%3DeyJpZCI6MjEyNiwidXJsIjoiaHR0cHM6XC9cL3d3dy5rYW1wZnNwb3J0LWRhZ2Vyc2hlaW0uZGVcL3dwLWNvbnRlbnRcL3VwbG9hZHNcLzIwMjJcLzAxXC9EU0MwNzI2OS5qcGcifQ%3D%3D\">\n\t\t\t\t\t\t\t<img fetchpriority=\"high\" decoding=\"async\" width=\"740\" height=\"492\" src=\"https:\/\/www.kampfsport-dagersheim.de\/wp-content\/uploads\/2022\/01\/DSC07269-1024x681.jpg\" class=\"attachment-large size-large wp-image-2126\" alt=\"\" srcset=\"https:\/\/www.kampfsport-dagersheim.de\/wp-content\/uploads\/2022\/01\/DSC07269-1024x681.jpg 1024w, https:\/\/www.kampfsport-dagersheim.de\/wp-content\/uploads\/2022\/01\/DSC07269-300x200.jpg 300w, https:\/\/www.kampfsport-dagersheim.de\/wp-content\/uploads\/2022\/01\/DSC07269-768x511.jpg 768w, https:\/\/www.kampfsport-dagersheim.de\/wp-content\/uploads\/2022\/01\/DSC07269-1536x1022.jpg 1536w, https:\/\/www.kampfsport-dagersheim.de\/wp-content\/uploads\/2022\/01\/DSC07269-2048x1363.jpg 2048w\" sizes=\"100vw\" \/>\t\t\t\t\t\t\t\t<\/a>\n\t\t\t\t\t\t\t\t\t\t\t\t\t\t\t<\/div>\n\t\t\t\t<\/div>\n\t\t\t\t\t<\/div>\n\t\t<\/div>\n\t\t\t\t<div class=\"elementor-column elementor-col-50 elementor-top-column elementor-element elementor-element-8119e0a\" data-id=\"8119e0a\" data-element_type=\"column\" data-e-type=\"column\">\n\t\t\t<div class=\"elementor-widget-wrap\">\n\t\t\t\t\t\t\t<\/div>\n\t\t<\/div>\n\t\t\t\t\t<\/div>\n\t\t<\/section>\n\t\t\t\t<\/div>\n\t\t","protected":false},"excerpt":{"rendered":"<p>Internationaler IKF Lehrgang \u201eJujutsu trifft Kobudo\u201c mit G\u00fcnter Painter Am 15. &#8211; 16. Januar fand in Feistritz im Rosental\/K\u00e4rnten der erste Lehrgang der Internationalen Kobudo Federation IKF in 2022 statt. Der Lehrgang mit IKF-Pr\u00e4sident Soke, Shihan G\u00fcnter Painter 9. Dan stand unter dem Motto \u201eJujutsu trifft Kobudo\u201c. Hierzu kamen Teilnehmer aus ganz \u00d6sterreich, Deutschland, Finnland, &hellip; <\/p>\n<p class=\"link-more\"><a href=\"https:\/\/www.kampfsport-dagersheim.de\/?page_id=2123\" class=\"more-link\"><span class=\"screen-reader-text\">\u201eIKF Seminar &#8222;Jujutsu trifft Kobudo&#8220; 15.-16. Januar 2022\u201c <\/span>weiterlesen<\/a><\/p>\n","protected":false},"author":1,"featured_media":0,"parent":0,"menu_order":0,"comment_status":"closed","ping_status":"closed","template":"","meta":{"footnotes":""},"class_list":["post-2123","page","type-page","status-publish","hentry"],"_links":{"self":[{"href":"https:\/\/www.kampfsport-dagersheim.de\/index.php?rest_route=\/wp\/v2\/pages\/2123","targetHints":{"allow":["GET"]}}],"collection":[{"href":"https:\/\/www.kampfsport-dagersheim.de\/index.php?rest_route=\/wp\/v2\/pages"}],"about":[{"href":"https:\/\/www.kampfsport-dagersheim.de\/index.php?rest_route=\/wp\/v2\/types\/page"}],"author":[{"embeddable":true,"href":"https:\/\/www.kampfsport-dagersheim.de\/index.php?rest_route=\/wp\/v2\/users\/1"}],"replies":[{"embeddable":true,"href":"https:\/\/www.kampfsport-dagersheim.de\/index.php?rest_route=%2Fwp%2Fv2%2Fcomments&post=2123"}],"version-history":[{"count":4,"href":"https:\/\/www.kampfsport-dagersheim.de\/index.php?rest_route=\/wp\/v2\/pages\/2123\/revisions"}],"predecessor-version":[{"id":2129,"href":"https:\/\/www.kampfsport-dagersheim.de\/index.php?rest_route=\/wp\/v2\/pages\/2123\/revisions\/2129"}],"wp:attachment":[{"href":"https:\/\/www.kampfsport-dagersheim.de\/index.php?rest_route=%2Fwp%2Fv2%2Fmedia&parent=2123"}],"curies":[{"name":"wp","href":"https:\/\/api.w.org\/{rel}","templated":true}]}}