{"id":2112,"date":"2022-01-23T21:48:45","date_gmt":"2022-01-23T20:48:45","guid":{"rendered":"http:\/\/www.kampfsport-dagersheim.de\/?page_id=2112"},"modified":"2022-01-23T22:10:18","modified_gmt":"2022-01-23T21:10:18","slug":"ikf-pruefungen-feistritz-i-r-januar-2022","status":"publish","type":"page","link":"https:\/\/www.kampfsport-dagersheim.de\/?page_id=2112","title":{"rendered":"IKF Pr\u00fcfungen in Feistritz i.R. &#8211; Januar 2022"},"content":{"rendered":"\t\t<div data-elementor-type=\"wp-page\" data-elementor-id=\"2112\" class=\"elementor elementor-2112\">\n\t\t\t\t\t\t<section class=\"elementor-section elementor-top-section elementor-element elementor-element-e5590c5 elementor-section-boxed elementor-section-height-default elementor-section-height-default\" data-id=\"e5590c5\" data-element_type=\"section\" data-e-type=\"section\">\n\t\t\t\t\t\t<div class=\"elementor-container elementor-column-gap-default\">\n\t\t\t\t\t<div class=\"elementor-column elementor-col-50 elementor-top-column elementor-element elementor-element-d3bf025\" data-id=\"d3bf025\" data-element_type=\"column\" data-e-type=\"column\">\n\t\t\t<div class=\"elementor-widget-wrap elementor-element-populated\">\n\t\t\t\t\t\t<div class=\"elementor-element elementor-element-e42dc7a elementor-widget elementor-widget-text-editor\" data-id=\"e42dc7a\" data-element_type=\"widget\" data-e-type=\"widget\" data-widget_type=\"text-editor.default\">\n\t\t\t\t<div class=\"elementor-widget-container\">\n\t\t\t\t\t\t\t\t\t<p><strong style=\"color: var( --e-global-color-text ); font-family: var( --e-global-typography-text-font-family ), Sans-serif; font-size: 1rem;\">Schwarzgurt im Kobukai Kobudo und Bojutsu f\u00fcr Matthias Weiss<\/strong><\/p><p>Am 15. &#8211; 16. Januar fand in \u00d6sterreich ein internationaler Kampfsportlehrgang der Internationalen Kobudo Federation IKF statt. An diesem Wochenende fanden vor dem Lehrgang Pr\u00fcfungen bis zum 5. Dan statt. Matthias Weiss, Abteilungsleiter der Kampfsportabteilung des TSV Dagersheim, hat hier in Feistritz im Rosental\/K\u00e4rnten seine Pr\u00fcfung zum 1. Dan Kobudo und zum 1. Dan Bojutsu abgelegt. Sein Sohn Cedric Weiss durfte hier nicht nur als Pr\u00fcfungspartner antreten, sondern hat an dem Wochenende auch seine Pr\u00fcfung zum Gr\u00fcngurt im Kobudo und im Bojutsu erfolgreich abgelegt. IKF Pr\u00e4sident G\u00fcnter Painter war als Pr\u00fcfer mit den gezeigten Leistungen sehr zufrieden und \u00fcberreichte am Abend die Urkunden.<\/p><p>Das Kobudo beinhaltet verschiedene Waffensysteme, die ihren Ursprung in Japan haben. Die Techniken des traditionellen Kobudo wurden von Soke Vlado Schmidt 10. Dan modifiziert und den europ\u00e4ischen Verh\u00e4ltnissen angepasst. Zum Kobukai Kobudo geh\u00f6ren unterschiedliche Stock-, Klingen- und Seilwaffen. Das Bojutsu ist ein Stockwaffensystem, bei dem haupts\u00e4chlich der Hanbo, ein ca.\u00a0 90 cm langer Stock bzw. Spazierstock zum Einsatz kommt. Herzlichen Gl\u00fcckwunsch an Matthias Weiss zum Schwarzgurt und Cedric Weiss zum Gr\u00fcngurt.<\/p><p>Das Kobukai Kobudo und Bojutsu geh\u00f6ren zum Angebot der Kampfsportabteilung des TSV Dagersheim. Interessierte d\u00fcrfen sich gerne an Abteilungsleiter und Trainer Matthias Weiss unter m.weiss@kampfsport-dagersheim.de oder 0173\/30036639 wenden.<\/p>\t\t\t\t\t\t\t\t<\/div>\n\t\t\t\t<\/div>\n\t\t\t\t\t<\/div>\n\t\t<\/div>\n\t\t\t\t<div class=\"elementor-column elementor-col-50 elementor-top-column elementor-element elementor-element-84cc9e6\" data-id=\"84cc9e6\" data-element_type=\"column\" data-e-type=\"column\">\n\t\t\t<div class=\"elementor-widget-wrap elementor-element-populated\">\n\t\t\t\t\t\t<div class=\"elementor-element elementor-element-0a31e4e elementor-widget elementor-widget-image\" data-id=\"0a31e4e\" data-element_type=\"widget\" data-e-type=\"widget\" data-widget_type=\"image.default\">\n\t\t\t\t<div class=\"elementor-widget-container\">\n\t\t\t\t\t\t\t\t\t\t\t\t\t\t\t<img decoding=\"async\" width=\"200\" height=\"200\" src=\"https:\/\/www.kampfsport-dagersheim.de\/wp-content\/uploads\/2019\/12\/ikf_logo.gif\" class=\"attachment-large size-large wp-image-401\" alt=\"\" sizes=\"100vw\" \/>\t\t\t\t\t\t\t\t\t\t\t\t\t\t\t<\/div>\n\t\t\t\t<\/div>\n\t\t\t\t\t<\/div>\n\t\t<\/div>\n\t\t\t\t\t<\/div>\n\t\t<\/section>\n\t\t\t\t<section class=\"elementor-section elementor-top-section elementor-element elementor-element-f3822bb elementor-section-boxed elementor-section-height-default elementor-section-height-default\" data-id=\"f3822bb\" data-element_type=\"section\" data-e-type=\"section\">\n\t\t\t\t\t\t<div class=\"elementor-container elementor-column-gap-default\">\n\t\t\t\t\t<div class=\"elementor-column elementor-col-25 elementor-top-column elementor-element elementor-element-e1f5400\" data-id=\"e1f5400\" data-element_type=\"column\" data-e-type=\"column\">\n\t\t\t<div class=\"elementor-widget-wrap elementor-element-populated\">\n\t\t\t\t\t\t<div class=\"elementor-element elementor-element-f53e2dd elementor-widget elementor-widget-image\" data-id=\"f53e2dd\" data-element_type=\"widget\" data-e-type=\"widget\" data-widget_type=\"image.default\">\n\t\t\t\t<div class=\"elementor-widget-container\">\n\t\t\t\t\t\t\t\t\t\t\t\t\t\t\t<img fetchpriority=\"high\" decoding=\"async\" width=\"525\" height=\"927\" src=\"https:\/\/www.kampfsport-dagersheim.de\/wp-content\/uploads\/2022\/01\/UrkundenUebergabe2b-580x1024.jpg\" class=\"attachment-large size-large wp-image-2118\" alt=\"\" srcset=\"https:\/\/www.kampfsport-dagersheim.de\/wp-content\/uploads\/2022\/01\/UrkundenUebergabe2b-580x1024.jpg 580w, https:\/\/www.kampfsport-dagersheim.de\/wp-content\/uploads\/2022\/01\/UrkundenUebergabe2b-170x300.jpg 170w, https:\/\/www.kampfsport-dagersheim.de\/wp-content\/uploads\/2022\/01\/UrkundenUebergabe2b-768x1357.jpg 768w, https:\/\/www.kampfsport-dagersheim.de\/wp-content\/uploads\/2022\/01\/UrkundenUebergabe2b-869x1536.jpg 869w, https:\/\/www.kampfsport-dagersheim.de\/wp-content\/uploads\/2022\/01\/UrkundenUebergabe2b-1159x2048.jpg 1159w, https:\/\/www.kampfsport-dagersheim.de\/wp-content\/uploads\/2022\/01\/UrkundenUebergabe2b-scaled.jpg 1449w\" sizes=\"100vw\" \/>\t\t\t\t\t\t\t\t\t\t\t\t\t\t\t<\/div>\n\t\t\t\t<\/div>\n\t\t\t\t<div class=\"elementor-element elementor-element-5cc5b98 elementor-widget elementor-widget-image\" data-id=\"5cc5b98\" data-element_type=\"widget\" data-e-type=\"widget\" data-widget_type=\"image.default\">\n\t\t\t\t<div class=\"elementor-widget-container\">\n\t\t\t\t\t\t\t\t\t\t\t\t\t\t\t<img decoding=\"async\" width=\"87\" height=\"35\" src=\"https:\/\/www.kampfsport-dagersheim.de\/wp-content\/uploads\/2019\/12\/0Schwarz50.jpg\" class=\"attachment-large size-large wp-image-352\" alt=\"\" sizes=\"100vw\" \/>\t\t\t\t\t\t\t\t\t\t\t\t\t\t\t<\/div>\n\t\t\t\t<\/div>\n\t\t\t\t\t<\/div>\n\t\t<\/div>\n\t\t\t\t<div class=\"elementor-column elementor-col-50 elementor-top-column elementor-element elementor-element-3c38605\" data-id=\"3c38605\" data-element_type=\"column\" data-e-type=\"column\">\n\t\t\t<div class=\"elementor-widget-wrap elementor-element-populated\">\n\t\t\t\t\t\t<div class=\"elementor-element elementor-element-a45fe8e elementor-widget elementor-widget-image\" data-id=\"a45fe8e\" data-element_type=\"widget\" data-e-type=\"widget\" data-widget_type=\"image.default\">\n\t\t\t\t<div class=\"elementor-widget-container\">\n\t\t\t\t\t\t\t\t\t\t\t\t\t\t\t<img loading=\"lazy\" decoding=\"async\" width=\"432\" height=\"432\" src=\"https:\/\/www.kampfsport-dagersheim.de\/wp-content\/uploads\/2022\/01\/IMG-20220115-WA0000b.jpg\" class=\"attachment-large size-large wp-image-2117\" alt=\"\" srcset=\"https:\/\/www.kampfsport-dagersheim.de\/wp-content\/uploads\/2022\/01\/IMG-20220115-WA0000b.jpg 432w, https:\/\/www.kampfsport-dagersheim.de\/wp-content\/uploads\/2022\/01\/IMG-20220115-WA0000b-300x300.jpg 300w, https:\/\/www.kampfsport-dagersheim.de\/wp-content\/uploads\/2022\/01\/IMG-20220115-WA0000b-150x150.jpg 150w, https:\/\/www.kampfsport-dagersheim.de\/wp-content\/uploads\/2022\/01\/IMG-20220115-WA0000b-100x100.jpg 100w\" sizes=\"100vw\" \/>\t\t\t\t\t\t\t\t\t\t\t\t\t\t\t<\/div>\n\t\t\t\t<\/div>\n\t\t\t\t\t<\/div>\n\t\t<\/div>\n\t\t\t\t<div class=\"elementor-column elementor-col-25 elementor-top-column elementor-element elementor-element-27706bf\" data-id=\"27706bf\" data-element_type=\"column\" data-e-type=\"column\">\n\t\t\t<div class=\"elementor-widget-wrap elementor-element-populated\">\n\t\t\t\t\t\t<div class=\"elementor-element elementor-element-2d7716f elementor-widget elementor-widget-image\" data-id=\"2d7716f\" data-element_type=\"widget\" data-e-type=\"widget\" data-widget_type=\"image.default\">\n\t\t\t\t<div class=\"elementor-widget-container\">\n\t\t\t\t\t\t\t\t\t\t\t\t\t\t\t<img loading=\"lazy\" decoding=\"async\" width=\"525\" height=\"955\" src=\"https:\/\/www.kampfsport-dagersheim.de\/wp-content\/uploads\/2022\/01\/20220115_191400-563x1024.jpg\" class=\"attachment-large size-large wp-image-2116\" alt=\"\" srcset=\"https:\/\/www.kampfsport-dagersheim.de\/wp-content\/uploads\/2022\/01\/20220115_191400-563x1024.jpg 563w, https:\/\/www.kampfsport-dagersheim.de\/wp-content\/uploads\/2022\/01\/20220115_191400-165x300.jpg 165w, https:\/\/www.kampfsport-dagersheim.de\/wp-content\/uploads\/2022\/01\/20220115_191400-768x1396.jpg 768w, https:\/\/www.kampfsport-dagersheim.de\/wp-content\/uploads\/2022\/01\/20220115_191400-845x1536.jpg 845w, https:\/\/www.kampfsport-dagersheim.de\/wp-content\/uploads\/2022\/01\/20220115_191400-1127x2048.jpg 1127w, https:\/\/www.kampfsport-dagersheim.de\/wp-content\/uploads\/2022\/01\/20220115_191400-scaled.jpg 1408w\" sizes=\"100vw\" \/>\t\t\t\t\t\t\t\t\t\t\t\t\t\t\t<\/div>\n\t\t\t\t<\/div>\n\t\t\t\t<div class=\"elementor-element elementor-element-e29c6c1 elementor-widget elementor-widget-image\" data-id=\"e29c6c1\" data-element_type=\"widget\" data-e-type=\"widget\" data-widget_type=\"image.default\">\n\t\t\t\t<div class=\"elementor-widget-container\">\n\t\t\t\t\t\t\t\t\t\t\t\t\t\t\t<img loading=\"lazy\" decoding=\"async\" width=\"87\" height=\"35\" src=\"https:\/\/www.kampfsport-dagersheim.de\/wp-content\/uploads\/2019\/12\/6Gruen50.jpg\" class=\"attachment-large size-large wp-image-360\" alt=\"\" sizes=\"100vw\" \/>\t\t\t\t\t\t\t\t\t\t\t\t\t\t\t<\/div>\n\t\t\t\t<\/div>\n\t\t\t\t\t<\/div>\n\t\t<\/div>\n\t\t\t\t\t<\/div>\n\t\t<\/section>\n\t\t\t\t<section class=\"elementor-section elementor-top-section elementor-element elementor-element-14cb239 elementor-section-boxed elementor-section-height-default elementor-section-height-default\" data-id=\"14cb239\" data-element_type=\"section\" data-e-type=\"section\">\n\t\t\t\t\t\t<div class=\"elementor-container elementor-column-gap-default\">\n\t\t\t\t\t<div class=\"elementor-column elementor-col-100 elementor-top-column elementor-element elementor-element-8b6cfb3\" data-id=\"8b6cfb3\" data-element_type=\"column\" data-e-type=\"column\">\n\t\t\t<div class=\"elementor-widget-wrap\">\n\t\t\t\t\t\t\t<\/div>\n\t\t<\/div>\n\t\t\t\t\t<\/div>\n\t\t<\/section>\n\t\t\t\t<\/div>\n\t\t","protected":false},"excerpt":{"rendered":"<p>Schwarzgurt im Kobukai Kobudo und Bojutsu f\u00fcr Matthias Weiss Am 15. &#8211; 16. Januar fand in \u00d6sterreich ein internationaler Kampfsportlehrgang der Internationalen Kobudo Federation IKF statt. An diesem Wochenende fanden vor dem Lehrgang Pr\u00fcfungen bis zum 5. Dan statt. Matthias Weiss, Abteilungsleiter der Kampfsportabteilung des TSV Dagersheim, hat hier in Feistritz im Rosental\/K\u00e4rnten seine Pr\u00fcfung &hellip; <\/p>\n<p class=\"link-more\"><a href=\"https:\/\/www.kampfsport-dagersheim.de\/?page_id=2112\" class=\"more-link\"><span class=\"screen-reader-text\">\u201eIKF Pr\u00fcfungen in Feistritz i.R. &#8211; Januar 2022\u201c <\/span>weiterlesen<\/a><\/p>\n","protected":false},"author":1,"featured_media":0,"parent":0,"menu_order":0,"comment_status":"closed","ping_status":"closed","template":"","meta":{"footnotes":""},"class_list":["post-2112","page","type-page","status-publish","hentry"],"_links":{"self":[{"href":"https:\/\/www.kampfsport-dagersheim.de\/index.php?rest_route=\/wp\/v2\/pages\/2112","targetHints":{"allow":["GET"]}}],"collection":[{"href":"https:\/\/www.kampfsport-dagersheim.de\/index.php?rest_route=\/wp\/v2\/pages"}],"about":[{"href":"https:\/\/www.kampfsport-dagersheim.de\/index.php?rest_route=\/wp\/v2\/types\/page"}],"author":[{"embeddable":true,"href":"https:\/\/www.kampfsport-dagersheim.de\/index.php?rest_route=\/wp\/v2\/users\/1"}],"replies":[{"embeddable":true,"href":"https:\/\/www.kampfsport-dagersheim.de\/index.php?rest_route=%2Fwp%2Fv2%2Fcomments&post=2112"}],"version-history":[{"count":5,"href":"https:\/\/www.kampfsport-dagersheim.de\/index.php?rest_route=\/wp\/v2\/pages\/2112\/revisions"}],"predecessor-version":[{"id":2122,"href":"https:\/\/www.kampfsport-dagersheim.de\/index.php?rest_route=\/wp\/v2\/pages\/2112\/revisions\/2122"}],"wp:attachment":[{"href":"https:\/\/www.kampfsport-dagersheim.de\/index.php?rest_route=%2Fwp%2Fv2%2Fmedia&parent=2112"}],"curies":[{"name":"wp","href":"https:\/\/api.w.org\/{rel}","templated":true}]}}