{"id":1046,"date":"2019-12-22T13:34:18","date_gmt":"2019-12-22T12:34:18","guid":{"rendered":"http:\/\/www.kampfsport-dagersheim.de\/KSD\/?page_id=1046"},"modified":"2020-01-11T22:21:49","modified_gmt":"2020-01-11T21:21:49","slug":"24-03-2018-sv-lehrgang-in-kressbronn","status":"publish","type":"page","link":"https:\/\/www.kampfsport-dagersheim.de\/?page_id=1046","title":{"rendered":"24.03.2018 SV-Lehrgang in Kressbronn"},"content":{"rendered":"\t\t<div data-elementor-type=\"wp-page\" data-elementor-id=\"1046\" class=\"elementor elementor-1046\">\n\t\t\t\t\t\t<section class=\"elementor-section elementor-top-section elementor-element elementor-element-49a47478 elementor-section-boxed elementor-section-height-default elementor-section-height-default\" data-id=\"49a47478\" data-element_type=\"section\" data-e-type=\"section\">\n\t\t\t\t\t\t<div class=\"elementor-container elementor-column-gap-default\">\n\t\t\t\t\t<div class=\"elementor-column elementor-col-100 elementor-top-column elementor-element elementor-element-4a326b1a\" data-id=\"4a326b1a\" data-element_type=\"column\" data-e-type=\"column\">\n\t\t\t<div class=\"elementor-widget-wrap elementor-element-populated\">\n\t\t\t\t\t\t<div class=\"elementor-element elementor-element-492df04a elementor-widget elementor-widget-text-editor\" data-id=\"492df04a\" data-element_type=\"widget\" data-e-type=\"widget\" data-widget_type=\"text-editor.default\">\n\t\t\t\t<div class=\"elementor-widget-container\">\n\t\t\t\t\t\t\t\t\t<p><strong style=\"font-size: 1rem;\"><img decoding=\"async\" class=\"size-full wp-image-1466 alignright\" src=\"https:\/\/www.kampfsport-dagersheim.de\/wp-content\/uploads\/2020\/01\/Kressbronn-IFAK.jpg\" alt=\"\" width=\"269\" height=\"149\" \/>Gr<\/strong><strong style=\"font-size: 1rem;\">o\u00dfer Selbstverteidigungslehrgang in Kressbronn am Bodensee<\/strong><\/p><p>Am Samstag, den 24. M\u00e4rz 2018, fand bei der Abteilung Taekwondo des TV Kressbronn ein Selbstverteidigungslehrgang mit IFAK-Pr\u00e4sident Soke Siegfried Lory 10. Dan statt. Mit jahrzehntelanger Erfahrung in verschiedenen Kampfsportarten gilt Soke Siegfried Lory als einer der erfahrensten Kampfsportler im Bereich effektiver Selbstverteidigung. Ausrichter Uwe Gischas und sein Team haben ihn als Referenten eingeladen und den Lehrgang wieder bestens organisiert.<\/p><p>Beim ersten Trainingspart wurden allgemeine Angriffe trainiert. Hier lag der Fokus auf einfachen, effektiven Techniken, die universell in verschiedenen Angriffssituationen angewandt werden k\u00f6nnen. Im n\u00e4chsten Trainingsteil widmete sich Soke Siegfried Lory der Verteidigung in der Bodenlage gegen stehende und sitzende Angreifer.<\/p><p>Nach der Mittagspause folgte eine Trainingseinheit aus dem Hanbo Jitsu, der Verteidigung mit einem Stock. In der letzten Einheit wurde die Abwehr gegen Messerangriffe und Pistolenbedrohung trainiert. Somit wieder ein abwechslungsreiches, vielf\u00e4ltiges Programm f\u00fcr diesen Lehrgangstag, der allen Teilnehmern sehr viel Spa\u00df gemacht hat. Vielen Dank an Referent Soke Siegfried Lory und an den Ausrichter Uwe Gischas und sein Team.<\/p>\t\t\t\t\t\t\t\t<\/div>\n\t\t\t\t<\/div>\n\t\t\t\t\t<\/div>\n\t\t<\/div>\n\t\t\t\t\t<\/div>\n\t\t<\/section>\n\t\t\t\t<section class=\"elementor-section elementor-top-section elementor-element elementor-element-b55df44 elementor-section-boxed elementor-section-height-default elementor-section-height-default\" data-id=\"b55df44\" data-element_type=\"section\" data-e-type=\"section\">\n\t\t\t\t\t\t<div class=\"elementor-container elementor-column-gap-default\">\n\t\t\t\t\t<div class=\"elementor-column elementor-col-50 elementor-top-column elementor-element elementor-element-12af1fd\" data-id=\"12af1fd\" data-element_type=\"column\" data-e-type=\"column\">\n\t\t\t<div class=\"elementor-widget-wrap elementor-element-populated\">\n\t\t\t\t\t\t<div class=\"elementor-element elementor-element-b21bbde elementor-widget elementor-widget-image\" data-id=\"b21bbde\" data-element_type=\"widget\" data-e-type=\"widget\" data-widget_type=\"image.default\">\n\t\t\t\t<div class=\"elementor-widget-container\">\n\t\t\t\t\t\t\t\t\t\t\t\t\t\t\t\t<a href=\"https:\/\/www.kampfsport-dagersheim.de\/wp-content\/uploads\/2020\/01\/2018-03-24_DagTN-scaled.jpg\" data-elementor-open-lightbox=\"yes\" data-elementor-lightbox-title=\"2018-03-24_DagTN\" data-e-action-hash=\"#elementor-action%3Aaction%3Dlightbox%26settings%3DeyJpZCI6MTQ2MywidXJsIjoiaHR0cHM6XC9cL3d3dy5rYW1wZnNwb3J0LWRhZ2Vyc2hlaW0uZGVcL3dwLWNvbnRlbnRcL3VwbG9hZHNcLzIwMjBcLzAxXC8yMDE4LTAzLTI0X0RhZ1ROLXNjYWxlZC5qcGcifQ%3D%3D\">\n\t\t\t\t\t\t\t<img fetchpriority=\"high\" decoding=\"async\" width=\"740\" height=\"564\" src=\"https:\/\/www.kampfsport-dagersheim.de\/wp-content\/uploads\/2020\/01\/2018-03-24_DagTN-1024x781.jpg\" class=\"attachment-large size-large wp-image-1463\" alt=\"\" srcset=\"https:\/\/www.kampfsport-dagersheim.de\/wp-content\/uploads\/2020\/01\/2018-03-24_DagTN-1024x781.jpg 1024w, https:\/\/www.kampfsport-dagersheim.de\/wp-content\/uploads\/2020\/01\/2018-03-24_DagTN-300x229.jpg 300w, https:\/\/www.kampfsport-dagersheim.de\/wp-content\/uploads\/2020\/01\/2018-03-24_DagTN-768x586.jpg 768w, https:\/\/www.kampfsport-dagersheim.de\/wp-content\/uploads\/2020\/01\/2018-03-24_DagTN-1536x1171.jpg 1536w, https:\/\/www.kampfsport-dagersheim.de\/wp-content\/uploads\/2020\/01\/2018-03-24_DagTN-2048x1561.jpg 2048w\" sizes=\"100vw\" \/>\t\t\t\t\t\t\t\t<\/a>\n\t\t\t\t\t\t\t\t\t\t\t\t\t\t\t<\/div>\n\t\t\t\t<\/div>\n\t\t\t\t\t<\/div>\n\t\t<\/div>\n\t\t\t\t<div class=\"elementor-column elementor-col-50 elementor-top-column elementor-element elementor-element-574d0fe\" data-id=\"574d0fe\" data-element_type=\"column\" data-e-type=\"column\">\n\t\t\t<div class=\"elementor-widget-wrap elementor-element-populated\">\n\t\t\t\t\t\t<div class=\"elementor-element elementor-element-13bd1f4 elementor-widget elementor-widget-image\" data-id=\"13bd1f4\" data-element_type=\"widget\" data-e-type=\"widget\" data-widget_type=\"image.default\">\n\t\t\t\t<div class=\"elementor-widget-container\">\n\t\t\t\t\t\t\t\t\t\t\t\t\t\t\t\t<a href=\"https:\/\/www.kampfsport-dagersheim.de\/wp-content\/uploads\/2020\/01\/2018-03-24_KressbronnGruppenbild.jpg\" data-elementor-open-lightbox=\"yes\" data-elementor-lightbox-title=\"2018-03-24_KressbronnGruppenbild\" data-e-action-hash=\"#elementor-action%3Aaction%3Dlightbox%26settings%3DeyJpZCI6MTQ2NCwidXJsIjoiaHR0cHM6XC9cL3d3dy5rYW1wZnNwb3J0LWRhZ2Vyc2hlaW0uZGVcL3dwLWNvbnRlbnRcL3VwbG9hZHNcLzIwMjBcLzAxXC8yMDE4LTAzLTI0X0tyZXNzYnJvbm5HcnVwcGVuYmlsZC5qcGcifQ%3D%3D\">\n\t\t\t\t\t\t\t<img decoding=\"async\" width=\"740\" height=\"457\" src=\"https:\/\/www.kampfsport-dagersheim.de\/wp-content\/uploads\/2020\/01\/2018-03-24_KressbronnGruppenbild-1024x633.jpg\" class=\"attachment-large size-large wp-image-1464\" alt=\"\" srcset=\"https:\/\/www.kampfsport-dagersheim.de\/wp-content\/uploads\/2020\/01\/2018-03-24_KressbronnGruppenbild-1024x633.jpg 1024w, https:\/\/www.kampfsport-dagersheim.de\/wp-content\/uploads\/2020\/01\/2018-03-24_KressbronnGruppenbild-300x185.jpg 300w, https:\/\/www.kampfsport-dagersheim.de\/wp-content\/uploads\/2020\/01\/2018-03-24_KressbronnGruppenbild-768x475.jpg 768w, https:\/\/www.kampfsport-dagersheim.de\/wp-content\/uploads\/2020\/01\/2018-03-24_KressbronnGruppenbild.jpg 1212w\" sizes=\"100vw\" \/>\t\t\t\t\t\t\t\t<\/a>\n\t\t\t\t\t\t\t\t\t\t\t\t\t\t\t<\/div>\n\t\t\t\t<\/div>\n\t\t\t\t\t<\/div>\n\t\t<\/div>\n\t\t\t\t\t<\/div>\n\t\t<\/section>\n\t\t\t\t<\/div>\n\t\t","protected":false},"excerpt":{"rendered":"<p>Gro\u00dfer Selbstverteidigungslehrgang in Kressbronn am Bodensee Am Samstag, den 24. M\u00e4rz 2018, fand bei der Abteilung Taekwondo des TV Kressbronn ein Selbstverteidigungslehrgang mit IFAK-Pr\u00e4sident Soke Siegfried Lory 10. Dan statt. Mit jahrzehntelanger Erfahrung in verschiedenen Kampfsportarten gilt Soke Siegfried Lory als einer der erfahrensten Kampfsportler im Bereich effektiver Selbstverteidigung. Ausrichter Uwe Gischas und sein Team &hellip; <\/p>\n<p class=\"link-more\"><a href=\"https:\/\/www.kampfsport-dagersheim.de\/?page_id=1046\" class=\"more-link\"><span class=\"screen-reader-text\">\u201e24.03.2018 SV-Lehrgang in Kressbronn\u201c <\/span>weiterlesen<\/a><\/p>\n","protected":false},"author":1,"featured_media":0,"parent":0,"menu_order":0,"comment_status":"closed","ping_status":"closed","template":"","meta":{"footnotes":""},"class_list":["post-1046","page","type-page","status-publish","hentry"],"_links":{"self":[{"href":"https:\/\/www.kampfsport-dagersheim.de\/index.php?rest_route=\/wp\/v2\/pages\/1046","targetHints":{"allow":["GET"]}}],"collection":[{"href":"https:\/\/www.kampfsport-dagersheim.de\/index.php?rest_route=\/wp\/v2\/pages"}],"about":[{"href":"https:\/\/www.kampfsport-dagersheim.de\/index.php?rest_route=\/wp\/v2\/types\/page"}],"author":[{"embeddable":true,"href":"https:\/\/www.kampfsport-dagersheim.de\/index.php?rest_route=\/wp\/v2\/users\/1"}],"replies":[{"embeddable":true,"href":"https:\/\/www.kampfsport-dagersheim.de\/index.php?rest_route=%2Fwp%2Fv2%2Fcomments&post=1046"}],"version-history":[{"count":3,"href":"https:\/\/www.kampfsport-dagersheim.de\/index.php?rest_route=\/wp\/v2\/pages\/1046\/revisions"}],"predecessor-version":[{"id":1467,"href":"https:\/\/www.kampfsport-dagersheim.de\/index.php?rest_route=\/wp\/v2\/pages\/1046\/revisions\/1467"}],"wp:attachment":[{"href":"https:\/\/www.kampfsport-dagersheim.de\/index.php?rest_route=%2Fwp%2Fv2%2Fmedia&parent=1046"}],"curies":[{"name":"wp","href":"https:\/\/api.w.org\/{rel}","templated":true}]}}